{"id":1298,"date":"2025-03-10T08:05:05","date_gmt":"2025-03-10T07:05:05","guid":{"rendered":"https:\/\/juliapozuelo.com\/accessibilite\/"},"modified":"2025-11-06T06:04:17","modified_gmt":"2025-11-06T05:04:17","slug":"accessibilite","status":"publish","type":"page","link":"https:\/\/juliapozuelo.com\/fr\/accessibilite\/","title":{"rendered":"Accessibilit\u00e9"},"content":{"rendered":"\n<p>JULIA POZUELO s\u2019engage \u00e0 rendre ses sites Web accessibles, conform\u00e9ment \u00e0\u00a0<a href=\"https:\/\/www.boe.es\/buscar\/act.php?id=BOE-A-2018-12699\" target=\"_blank\" rel=\"noreferrer noopener\">l\u2019Arr\u00eat\u00e9 royal\u00a01112\/2018, du 7\u00a0septembre<\/a>, concernant l\u2019accessibilit\u00e9 des sites Web et applications pour les appareils mobiles du secteur public (ci-apr\u00e8s, Arr\u00eat\u00e9 royal\u00a01112\/2018, du 7\u00a0septembre).<\/p>\n\n<p>La pr\u00e9sente d\u00e9claration d\u2019accessibilit\u00e9 s\u2019applique au site Web\u00a0<a href=\"https:\/\/juliapozuelo.com\/fr\/\">https:\/\/juliapozuelo.com<\/a>\u00a0, les sous-domaines de ce site Web auront leur propre d\u00e9claration d\u2019accessibilit\u00e9.<\/p>\n\n<h2 class=\"wp-block-heading\">\u00c9tat de conformit\u00e9<\/h2>\n\n<p>Ce site Web est totalement conforme \u00e0 l\u2019Arr\u00eat\u00e9 royal\u00a01112\/2018, du 7\u00a0septembre, en raison de la non-conformit\u00e9 des crit\u00e8res list\u00e9s ci-apr\u00e8s.<\/p>\n\n<h2 class=\"wp-block-heading\">Contenus non accessibles<\/h2>\n\n<p>Les contenus list\u00e9s ci-dessous ne sont pas accessibles pour les raisons suivantes\u00a0:<\/p>\n\n<ul class=\"wp-block-list\">\n<li>Non-conformit\u00e9 \u00e0 l\u2019Arr\u00eat\u00e9 royal\u00a01112\/2018, du 7\u00a0septembre\u00a0: il peut y avoir des erreurs ponctuelles d\u2019\u00e9dition sur l\u2019une des pages Web, aussi bien dans les contenus HTML que dans les documents finaux, mis en ligne \u00e0 une date ult\u00e9rieure au 20\u00a0septembre\u00a02018 (date d\u2019entr\u00e9e en vigueur de l\u2019Arr\u00eat\u00e9 royal\u00a01112\/2018, du 7\u00a0septembre).<\/li>\n\n\n\n<li>Concr\u00e8tement, les documents contenant des graphiques ou des tableaux complexes, ou sign\u00e9s \u00e9lectroniquement avant leur r\u00e9vision d\u2019accessibilit\u00e9, peuvent comporter des erreurs.<\/li>\n<\/ul>\n\n<h2 class=\"wp-block-heading\">D\u00e9rogation pour charge disproportionn\u00e9e<\/h2>\n\n<p>Non applicable<\/p>\n\n<h2 class=\"wp-block-heading\">\u00c9tablissement de la pr\u00e9sente d\u00e9claration d\u2019accessibilit\u00e9<\/h2>\n\n<p>La pr\u00e9sente d\u00e9claration a \u00e9t\u00e9 \u00e9tablie le 10\u00a0mars\u00a02025<\/p>\n\n<p>La m\u00e9thode employ\u00e9e pour \u00e9tablir la d\u00e9claration est une auto-\u00e9valuation r\u00e9alis\u00e9e par WABI DISE\u00d1O CREATIVO COOP V.<\/p>\n\n<p>Derni\u00e8re mise \u00e0 jour de la d\u00e9claration\u00a0: 10\u00a0mars\u00a02025.<\/p>\n\n<h2 class=\"wp-block-heading\">Retour d\u2019information et contact<\/h2>\n\n<p>Vous pouvez transmettre toute question relative aux exigences d\u2019accessibilit\u00e9 (article\u00a010.2.a) de l\u2019Arr\u00eat\u00e9 royal\u00a01112\/2018, du 7\u00a0septembre), notamment pour\u00a0:<\/p>\n\n<ul class=\"wp-block-list\">\n<li>Signaler toute non-conformit\u00e9 \u00e9ventuelle de ce site Web.<\/li>\n\n\n\n<li>Informer sur d\u2019autres difficult\u00e9s d\u2019acc\u00e8s aux contenus.<\/li>\n\n\n\n<li>Exprimer toute autre demande ou suggestion d\u2019am\u00e9lioration concernant l\u2019accessibilit\u00e9 du site Web.<\/li>\n<\/ul>\n\n<p>Par les moyens suivants\u00a0:<\/p>\n\n<ul class=\"wp-block-list\">\n<li>Adresse \u00e9lectronique\u00a0:\u00a0\u00a0<a href=\"mailto:juliapozuelomenendez@gmail.com\">juliapozuelomenendez@gmail.com<\/a><\/li>\n<\/ul>\n\n<p>Vous pouvez \u00e9galement demander \u00e0 recevoir des informations dans un format accessible lorsque les exigences d\u2019accessibilit\u00e9 ne sont pas respect\u00e9es, soit parce que ces contenus en sont exempt\u00e9s, soit parce qu\u2019ils sont concern\u00e9s par une d\u00e9rogation pour charge disproportionn\u00e9e, ou adresser une plainte pour non-conformit\u00e9 aux exigences d\u2019accessibilit\u00e9.<\/p>\n\n<h2 class=\"wp-block-heading\">Contenus facultatifs<\/h2>\n\n<p>La version actuellement affich\u00e9e de ce site Web est de mars\u00a02023, date \u00e0 laquelle a eu lieu la r\u00e9vision du niveau d\u2019accessibilit\u00e9 en vigueur \u00e0 ce moment-l\u00e0.<\/p>\n\n<p>Depuis cette date, des r\u00e9visions ont lieu chaque mois et au quotidien pour v\u00e9rifier que les nouveaux contenus Web ou les contenus modifi\u00e9s, aussi bien les mod\u00e8les que les pages et documents finaux mis en ligne, respectent les exigences en mati\u00e8re d\u2019accessibilit\u00e9 de la norme UNE-EN 301549:2019, en tenant compte des exceptions pr\u00e9vues par l\u2019Arr\u00eat\u00e9 royal\u00a01112\/2018, du 7\u00a0septembre.<\/p>\n\n<p>Voici certaines des mesures adopt\u00e9es afin de faciliter l\u2019accessibilit\u00e9\u00a0:<\/p>\n\n<ul class=\"wp-block-list\">\n<li>Utilisation d\u2019un texte de remplacement pour les images<\/li>\n\n\n\n<li>Affichage des d\u00e9tails concernant la fonction ou la destination du lien hypertexte<\/li>\n<\/ul>\n","protected":false},"excerpt":{"rendered":"<p>JULIA POZUELO s\u2019engage \u00e0 rendre ses sites Web accessibles, conform\u00e9ment \u00e0\u00a0l\u2019Arr\u00eat\u00e9 royal\u00a01112\/2018, du 7\u00a0septembre, concernant l\u2019accessibilit\u00e9 des sites Web et applications pour les appareils mobiles du secteur public (ci-apr\u00e8s, Arr\u00eat\u00e9 royal\u00a01112\/2018, du 7\u00a0septembre). La pr\u00e9sente d\u00e9claration d\u2019accessibilit\u00e9 s\u2019applique au site Web\u00a0https:\/\/juliapozuelo.com\u00a0, les sous-domaines de ce site Web auront leur propre d\u00e9claration d\u2019accessibilit\u00e9. \u00c9tat de conformit\u00e9 [&hellip;]<\/p>\n","protected":false},"author":1,"featured_media":0,"parent":0,"menu_order":0,"comment_status":"closed","ping_status":"closed","template":"","meta":{"footnotes":""},"class_list":["post-1298","page","type-page","status-publish","hentry"],"yoast_head":"<!-- This site is optimized with the Yoast SEO plugin v27.3 - https:\/\/yoast.com\/product\/yoast-seo-wordpress\/ -->\n<title>Accessibilit\u00e9 - Julia Pozuelo<\/title>\n<meta name=\"robots\" content=\"noindex, nofollow\" \/>\n<meta property=\"og:locale\" content=\"fr_FR\" \/>\n<meta property=\"og:type\" content=\"article\" \/>\n<meta property=\"og:title\" content=\"Accessibilit\u00e9 - Julia Pozuelo\" \/>\n<meta property=\"og:description\" content=\"JULIA POZUELO s\u2019engage \u00e0 rendre ses sites Web accessibles, conform\u00e9ment \u00e0\u00a0l\u2019Arr\u00eat\u00e9 royal\u00a01112\/2018, du 7\u00a0septembre, concernant l\u2019accessibilit\u00e9 des sites Web et applications pour les appareils mobiles du secteur public (ci-apr\u00e8s, Arr\u00eat\u00e9 royal\u00a01112\/2018, du 7\u00a0septembre). La pr\u00e9sente d\u00e9claration d\u2019accessibilit\u00e9 s\u2019applique au site Web\u00a0https:\/\/juliapozuelo.com\u00a0, les sous-domaines de ce site Web auront leur propre d\u00e9claration d\u2019accessibilit\u00e9. \u00c9tat de conformit\u00e9 [&hellip;]\" \/>\n<meta property=\"og:url\" content=\"https:\/\/juliapozuelo.com\/fr\/accessibilite\/\" \/>\n<meta property=\"og:site_name\" content=\"Julia Pozuelo\" \/>\n<meta property=\"article:modified_time\" content=\"2025-11-06T05:04:17+00:00\" \/>\n<meta name=\"twitter:card\" content=\"summary_large_image\" \/>\n<meta name=\"twitter:site\" content=\"@juliatraduce\" \/>\n<meta name=\"twitter:label1\" content=\"Dur\u00e9e de lecture estim\u00e9e\" \/>\n\t<meta name=\"twitter:data1\" content=\"3 minutes\" \/>\n<script type=\"application\/ld+json\" class=\"yoast-schema-graph\">{\"@context\":\"https:\\\/\\\/schema.org\",\"@graph\":[{\"@type\":\"WebPage\",\"@id\":\"https:\\\/\\\/juliapozuelo.com\\\/fr\\\/accessibilite\\\/\",\"url\":\"https:\\\/\\\/juliapozuelo.com\\\/fr\\\/accessibilite\\\/\",\"name\":\"Accessibilit\u00e9 - Julia Pozuelo\",\"isPartOf\":{\"@id\":\"https:\\\/\\\/juliapozuelo.com\\\/fr\\\/#website\"},\"datePublished\":\"2025-03-10T07:05:05+00:00\",\"dateModified\":\"2025-11-06T05:04:17+00:00\",\"breadcrumb\":{\"@id\":\"https:\\\/\\\/juliapozuelo.com\\\/fr\\\/accessibilite\\\/#breadcrumb\"},\"inLanguage\":\"fr-FR\",\"potentialAction\":[{\"@type\":\"ReadAction\",\"target\":[\"https:\\\/\\\/juliapozuelo.com\\\/fr\\\/accessibilite\\\/\"]}]},{\"@type\":\"BreadcrumbList\",\"@id\":\"https:\\\/\\\/juliapozuelo.com\\\/fr\\\/accessibilite\\\/#breadcrumb\",\"itemListElement\":[{\"@type\":\"ListItem\",\"position\":1,\"name\":\"Portada\",\"item\":\"https:\\\/\\\/juliapozuelo.com\\\/fr\\\/\"},{\"@type\":\"ListItem\",\"position\":2,\"name\":\"Accessibilit\u00e9\"}]},{\"@type\":\"WebSite\",\"@id\":\"https:\\\/\\\/juliapozuelo.com\\\/fr\\\/#website\",\"url\":\"https:\\\/\\\/juliapozuelo.com\\\/fr\\\/\",\"name\":\"Julia Pozuelo\",\"description\":\"\",\"publisher\":{\"@id\":\"https:\\\/\\\/juliapozuelo.com\\\/fr\\\/#organization\"},\"potentialAction\":[{\"@type\":\"SearchAction\",\"target\":{\"@type\":\"EntryPoint\",\"urlTemplate\":\"https:\\\/\\\/juliapozuelo.com\\\/fr\\\/?s={search_term_string}\"},\"query-input\":{\"@type\":\"PropertyValueSpecification\",\"valueRequired\":true,\"valueName\":\"search_term_string\"}}],\"inLanguage\":\"fr-FR\"},{\"@type\":\"Organization\",\"@id\":\"https:\\\/\\\/juliapozuelo.com\\\/fr\\\/#organization\",\"name\":\"Julia Pozuelo\",\"url\":\"https:\\\/\\\/juliapozuelo.com\\\/fr\\\/\",\"logo\":{\"@type\":\"ImageObject\",\"inLanguage\":\"fr-FR\",\"@id\":\"https:\\\/\\\/juliapozuelo.com\\\/fr\\\/#\\\/schema\\\/logo\\\/image\\\/\",\"url\":\"https:\\\/\\\/juliapozuelo.com\\\/wp-content\\\/uploads\\\/2025\\\/02\\\/isotipo_juliapozuelo.svg\",\"contentUrl\":\"https:\\\/\\\/juliapozuelo.com\\\/wp-content\\\/uploads\\\/2025\\\/02\\\/isotipo_juliapozuelo.svg\",\"width\":212,\"height\":214,\"caption\":\"Julia Pozuelo\"},\"image\":{\"@id\":\"https:\\\/\\\/juliapozuelo.com\\\/fr\\\/#\\\/schema\\\/logo\\\/image\\\/\"},\"sameAs\":[\"https:\\\/\\\/x.com\\\/juliatraduce\"]}]}<\/script>\n<!-- \/ Yoast SEO plugin. -->","yoast_head_json":{"title":"Accessibilit\u00e9 - Julia Pozuelo","robots":{"index":"noindex","follow":"nofollow"},"og_locale":"fr_FR","og_type":"article","og_title":"Accessibilit\u00e9 - Julia Pozuelo","og_description":"JULIA POZUELO s\u2019engage \u00e0 rendre ses sites Web accessibles, conform\u00e9ment \u00e0\u00a0l\u2019Arr\u00eat\u00e9 royal\u00a01112\/2018, du 7\u00a0septembre, concernant l\u2019accessibilit\u00e9 des sites Web et applications pour les appareils mobiles du secteur public (ci-apr\u00e8s, Arr\u00eat\u00e9 royal\u00a01112\/2018, du 7\u00a0septembre). La pr\u00e9sente d\u00e9claration d\u2019accessibilit\u00e9 s\u2019applique au site Web\u00a0https:\/\/juliapozuelo.com\u00a0, les sous-domaines de ce site Web auront leur propre d\u00e9claration d\u2019accessibilit\u00e9. \u00c9tat de conformit\u00e9 [&hellip;]","og_url":"https:\/\/juliapozuelo.com\/fr\/accessibilite\/","og_site_name":"Julia Pozuelo","article_modified_time":"2025-11-06T05:04:17+00:00","twitter_card":"summary_large_image","twitter_site":"@juliatraduce","twitter_misc":{"Dur\u00e9e de lecture estim\u00e9e":"3 minutes"},"schema":{"@context":"https:\/\/schema.org","@graph":[{"@type":"WebPage","@id":"https:\/\/juliapozuelo.com\/fr\/accessibilite\/","url":"https:\/\/juliapozuelo.com\/fr\/accessibilite\/","name":"Accessibilit\u00e9 - Julia Pozuelo","isPartOf":{"@id":"https:\/\/juliapozuelo.com\/fr\/#website"},"datePublished":"2025-03-10T07:05:05+00:00","dateModified":"2025-11-06T05:04:17+00:00","breadcrumb":{"@id":"https:\/\/juliapozuelo.com\/fr\/accessibilite\/#breadcrumb"},"inLanguage":"fr-FR","potentialAction":[{"@type":"ReadAction","target":["https:\/\/juliapozuelo.com\/fr\/accessibilite\/"]}]},{"@type":"BreadcrumbList","@id":"https:\/\/juliapozuelo.com\/fr\/accessibilite\/#breadcrumb","itemListElement":[{"@type":"ListItem","position":1,"name":"Portada","item":"https:\/\/juliapozuelo.com\/fr\/"},{"@type":"ListItem","position":2,"name":"Accessibilit\u00e9"}]},{"@type":"WebSite","@id":"https:\/\/juliapozuelo.com\/fr\/#website","url":"https:\/\/juliapozuelo.com\/fr\/","name":"Julia Pozuelo","description":"","publisher":{"@id":"https:\/\/juliapozuelo.com\/fr\/#organization"},"potentialAction":[{"@type":"SearchAction","target":{"@type":"EntryPoint","urlTemplate":"https:\/\/juliapozuelo.com\/fr\/?s={search_term_string}"},"query-input":{"@type":"PropertyValueSpecification","valueRequired":true,"valueName":"search_term_string"}}],"inLanguage":"fr-FR"},{"@type":"Organization","@id":"https:\/\/juliapozuelo.com\/fr\/#organization","name":"Julia Pozuelo","url":"https:\/\/juliapozuelo.com\/fr\/","logo":{"@type":"ImageObject","inLanguage":"fr-FR","@id":"https:\/\/juliapozuelo.com\/fr\/#\/schema\/logo\/image\/","url":"https:\/\/juliapozuelo.com\/wp-content\/uploads\/2025\/02\/isotipo_juliapozuelo.svg","contentUrl":"https:\/\/juliapozuelo.com\/wp-content\/uploads\/2025\/02\/isotipo_juliapozuelo.svg","width":212,"height":214,"caption":"Julia Pozuelo"},"image":{"@id":"https:\/\/juliapozuelo.com\/fr\/#\/schema\/logo\/image\/"},"sameAs":["https:\/\/x.com\/juliatraduce"]}]}},"_links":{"self":[{"href":"https:\/\/juliapozuelo.com\/fr\/wp-json\/wp\/v2\/pages\/1298","targetHints":{"allow":["GET"]}}],"collection":[{"href":"https:\/\/juliapozuelo.com\/fr\/wp-json\/wp\/v2\/pages"}],"about":[{"href":"https:\/\/juliapozuelo.com\/fr\/wp-json\/wp\/v2\/types\/page"}],"author":[{"embeddable":true,"href":"https:\/\/juliapozuelo.com\/fr\/wp-json\/wp\/v2\/users\/1"}],"replies":[{"embeddable":true,"href":"https:\/\/juliapozuelo.com\/fr\/wp-json\/wp\/v2\/comments?post=1298"}],"version-history":[{"count":3,"href":"https:\/\/juliapozuelo.com\/fr\/wp-json\/wp\/v2\/pages\/1298\/revisions"}],"predecessor-version":[{"id":1319,"href":"https:\/\/juliapozuelo.com\/fr\/wp-json\/wp\/v2\/pages\/1298\/revisions\/1319"}],"wp:attachment":[{"href":"https:\/\/juliapozuelo.com\/fr\/wp-json\/wp\/v2\/media?parent=1298"}],"curies":[{"name":"wp","href":"https:\/\/api.w.org\/{rel}","templated":true}]}}