{"id":1294,"date":"2025-03-10T08:58:32","date_gmt":"2025-03-10T07:58:32","guid":{"rendered":"https:\/\/juliapozuelo.com\/?page_id=1294"},"modified":"2025-11-06T05:37:43","modified_gmt":"2025-11-06T04:37:43","slug":"politique-de-confidentialite","status":"publish","type":"page","link":"https:\/\/juliapozuelo.com\/fr\/politique-de-confidentialite\/","title":{"rendered":"Politique de Confidentialit\u00e9"},"content":{"rendered":"\n<p>Le Propri\u00e9taire vous informe sur sa Politique de confidentialit\u00e9 concernant le traitement et la protection des donn\u00e9es \u00e0 caract\u00e8re personnel des utilisateurs, pouvant \u00eatre collect\u00e9es pendant la navigation sur le site Web&nbsp;: https:\/\/juliapozuelo.com<\/p>\n\n\n\n<p>\u00c0 cet \u00e9gard, le Propri\u00e9taire garantit qu\u2019il respecte la r\u00e9glementation en vigueur en mati\u00e8re de protection des donn\u00e9es personnelles, prise en compte dans la loi organique 3\/2018 du 5&nbsp;d\u00e9cembre, relative \u00e0 la protection des donn\u00e9es personnelles et \u00e0 la garantie des droits num\u00e9riques (LOPD GDD). Il respecte \u00e9galement le r\u00e8glement (UE) 2016\/679 du Parlement europ\u00e9en et du Conseil du 27&nbsp;avril&nbsp;2016 relatif \u00e0 la protection des personnes physiques (RGPD).<\/p>\n\n\n\n<p>L\u2019utilisation de ce site Web implique l\u2019acceptation de cette Politique de confidentialit\u00e9.<\/p>\n\n\n\n<h2 class=\"wp-block-heading\">Identit\u00e9 du Responsable<\/h2>\n\n\n\n<ul class=\"wp-block-list\">\n<li><strong>Responsable\u00a0:<\/strong>\u00a0 Julia Pozuelo Men\u00e9ndez.<\/li>\n\n\n\n<li><strong>NIF\u00a0:<\/strong>\u00a071729488D<\/li>\n\n\n\n<li><strong>Adresse\u00a0:<\/strong>\u00a0 C\/ Fuertes Acevedo 16 2.o C Oviedo (33006), Asturies \u2013 Espagne.<\/li>\n\n\n\n<li><strong>Adresse \u00e9lectronique\u00a0:<\/strong>\u00a0 juliapozuelomenendez@gmail.com<\/li>\n\n\n\n<li><strong>T\u00e9l\u00e9phone\u00a0:<\/strong>\u00a0 +34650682223<\/li>\n\n\n\n<li><strong>Site Web\u00a0:<\/strong>\u00a0 https:\/\/juliapozuelo.com<\/li>\n<\/ul>\n\n\n\n<h2 class=\"wp-block-heading\">Principes appliqu\u00e9s au traitement des donn\u00e9es<\/h2>\n\n\n\n<p>Dans le cadre du traitement de vos donn\u00e9es personnelles, le Propri\u00e9taire applique les principes suivants, conformes aux exigences du nouveau r\u00e8glement europ\u00e9en de protection des donn\u00e9es (RGPD)&nbsp;:<\/p>\n\n\n\n<ul class=\"wp-block-list\">\n<li>Principes de lic\u00e9it\u00e9, loyaut\u00e9 et transparence\u00a0: Le Propri\u00e9taire demande syst\u00e9matiquement le consentement de l\u2019Utilisateur avant de traiter ses donn\u00e9es personnelles, pour une ou plusieurs finalit\u00e9s d\u00e9termin\u00e9es dont l\u2019Utilisateur est pr\u00e9alablement inform\u00e9 par le Propri\u00e9taire, en toute transparence.<\/li>\n\n\n\n<li>Principe de minimisation des donn\u00e9es\u00a0: Le Propri\u00e9taire ne demande que les donn\u00e9es strictement n\u00e9cessaires au regard de la ou des finalit\u00e9s pour lesquelles elles sont trait\u00e9es.<\/li>\n\n\n\n<li>Principe de limitation de la conservation\u00a0: Le Propri\u00e9taire conserve les donn\u00e9es personnelles collect\u00e9es pendant une dur\u00e9e n&rsquo;exc\u00e9dant pas celle strictement n\u00e9cessaire au regard de la ou des finalit\u00e9s pour lesquelles elles sont trait\u00e9es. Le Propri\u00e9taire informe l\u2019Utilisateur de la dur\u00e9e de conservation correspondante en fonction de la finalit\u00e9.<br>Dans le cas d\u2019une inscription, le Propri\u00e9taire examine r\u00e9guli\u00e8rement les listes et efface les donn\u00e9es rest\u00e9es inactives pendant un certain temps.<\/li>\n\n\n\n<li>Principes d\u2019int\u00e9grit\u00e9 et de confidentialit\u00e9\u00a0: Les donn\u00e9es personnelles collect\u00e9es sont trait\u00e9es de mani\u00e8re \u00e0 en garantir la s\u00e9curit\u00e9, la confidentialit\u00e9 et l\u2019int\u00e9grit\u00e9.<br>Le Propri\u00e9taire prend les pr\u00e9cautions n\u00e9cessaires afin d\u2019\u00e9viter l\u2019acc\u00e8s non autoris\u00e9 ou l\u2019utilisation inappropri\u00e9e des donn\u00e9es de ses utilisateurs par des tiers.<\/li>\n<\/ul>\n\n\n\n<h2 class=\"wp-block-heading\">Obtention des donn\u00e9es personnelles<\/h2>\n\n\n\n<p>Pour naviguer sur ce site Web, aucune donn\u00e9e personnelle ne vous est demand\u00e9e.<\/p>\n\n\n\n<h2 class=\"wp-block-heading\">Droits<\/h2>\n\n\n\n<p>Le Propri\u00e9taire vous informe que, concernant vos donn\u00e9es personnelles, vous avez le droit de&nbsp;:<\/p>\n\n\n\n<ul class=\"wp-block-list\">\n<li>Demander l\u2019acc\u00e8s aux donn\u00e9es stock\u00e9es.<\/li>\n\n\n\n<li>Demander leur rectification ou leur effacement.<\/li>\n\n\n\n<li>Demander une limitation de leur traitement.<\/li>\n\n\n\n<li>Vous opposer \u00e0 leur traitement.<\/li>\n<\/ul>\n\n\n\n<p>Vous ne pouvez pas exercer le droit \u00e0 la portabilit\u00e9 de vos donn\u00e9es.<\/p>\n\n\n\n<p>L\u2019exercice de ces droits est personnel et revient donc directement \u00e0 la personne concern\u00e9e, qui doit en faire la demande directement au Propri\u00e9taire. Par cons\u00e9quent, tout client, abonn\u00e9 ou collaborateur ayant transmis ses donn\u00e9es \u00e0 un certain moment peut s\u2019adresser au Propri\u00e9taire et se renseigner sur les donn\u00e9es stock\u00e9es et la fa\u00e7on dont elles ont \u00e9t\u00e9 collect\u00e9es, demander leur rectification, s\u2019opposer \u00e0 leur traitement, limiter leur utilisation ou demander leur effacement dans les fichiers du Propri\u00e9taire.<\/p>\n\n\n\n<p>Pour exercer vos droits, vous devez adresser votre demande ainsi qu\u2019une photocopie de votre carte d\u2019identit\u00e9 ou \u00e9quivalent \u00e0&nbsp;: juliapozuelomenendez@gmail.com<\/p>\n\n\n\n<p>L\u2019exercice de ces droits ne s\u2019applique pas aux donn\u00e9es que le Propri\u00e9taire est oblig\u00e9 de conserver \u00e0 des fins administratives, l\u00e9gales ou de s\u00e9curit\u00e9.<\/p>\n\n\n\n<p>Vous avez le droit \u00e0 la protection juridictionnelle effective et d\u2019introduire une r\u00e9clamation aupr\u00e8s de l\u2019autorit\u00e9 de contr\u00f4le, en l\u2019occurrence, l\u2019Agence espagnole de protection des donn\u00e9es, si vous estimez que le traitement de vos donn\u00e9es personnelles ne respecte pas le R\u00e8glement.<\/p>\n\n\n\n<h2 class=\"wp-block-heading\"><a><\/a> Finalit\u00e9 du traitement des donn\u00e9es personnelles<\/h2>\n\n\n\n<p>En vous connectant au site Web pour \u00e9crire au Propri\u00e9taire, en vous abonnant \u00e0 sa newsletter, vous fournissez des informations \u00e0 caract\u00e8re personnel dont le Propri\u00e9taire est le responsable. Ces informations peuvent contenir des donn\u00e9es \u00e0 caract\u00e8re personnel, telles que votre adresse IP, vos pr\u00e9nom et nom, votre adresse postale, votre adresse \u00e9lectronique, votre num\u00e9ro de t\u00e9l\u00e9phone, etc. En fournissant ces informations, vous donnez votre consentement pour que celles-ci soient collect\u00e9es, utilis\u00e9es, g\u00e9r\u00e9es et stock\u00e9es par \u2014 Julia Pozuelo Men\u00e9ndez \u2014<\/p>\n\n\n\n<p>Les donn\u00e9es personnelles et la finalit\u00e9 du traitement par le Propri\u00e9taire d\u00e9pendent du syst\u00e8me de collecte des informations&nbsp;:<\/p>\n\n\n\n<p>Il existe d\u2019autres finalit\u00e9s pour lesquelles le Propri\u00e9taire traite des donn\u00e9es personnelles&nbsp;:<\/p>\n\n\n\n<ul class=\"wp-block-list\">\n<li>Afin de garantir le respect des conditions list\u00e9es dans la loi applicable. Cette finalit\u00e9 peut supposer le d\u00e9veloppement d\u2019outils et d\u2019algorithmes permettant au site Web de garantir la confidentialit\u00e9 des donn\u00e9es personnelles collect\u00e9es.<\/li>\n\n\n\n<li>Afin d\u2019appuyer et d\u2019am\u00e9liorer les services propos\u00e9s par ce site Web.<\/li>\n\n\n\n<li>Afin de g\u00e9rer les r\u00e9seaux sociaux. Le Propri\u00e9taire est pr\u00e9sent sur les r\u00e9seaux sociaux. Si vous suivez le Propri\u00e9taire sur les r\u00e9seaux sociaux, le traitement de vos donn\u00e9es personnelles s\u2019effectue conform\u00e9ment aux indications de ce paragraphe ainsi qu\u2019aux conditions d\u2019utilisation, politiques de confidentialit\u00e9 et r\u00e9glementations d\u2019acc\u00e8s propres au r\u00e9seau social concern\u00e9 et que vous avez accept\u00e9es pr\u00e9alablement.<br>Vous pouvez consulter les politiques de confidentialit\u00e9 des principaux r\u00e9seaux sociaux en cliquant sur les liens suivants\u00a0:\n<ul class=\"wp-block-list\">\n<li><a href=\"https:\/\/www.facebook.com\/help\/cookies\" target=\"_blank\" rel=\"noreferrer noopener\">Facebook<\/a><\/li>\n\n\n\n<li><a href=\"https:\/\/twitter.com\/privacy\" target=\"_blank\" rel=\"noreferrer noopener\">Twitter<\/a><\/li>\n\n\n\n<li><a href=\"https:\/\/fr.linkedin.com\/legal\/cookie-policy\" target=\"_blank\" rel=\"noreferrer noopener\">LinkedIn<\/a><\/li>\n\n\n\n<li><a href=\"https:\/\/www.youtube.com\/privacy\" target=\"_blank\" rel=\"noreferrer noopener\">YouTube<\/a><\/li>\n\n\n\n<li><a href=\"https:\/\/www.instagram.com\/legal\/privacy\/\" target=\"_blank\" rel=\"noreferrer noopener\">Instagram<\/a><\/li>\n<\/ul>\n<\/li>\n<\/ul>\n\n\n\n<p>Le Propri\u00e9taire traite vos donn\u00e9es personnelles dans le but de g\u00e9rer correctement sa pr\u00e9sence sur le r\u00e9seau social et de vous informer de ses activit\u00e9s ainsi que pour toute autre finalit\u00e9 autoris\u00e9e par les r\u00e8glementations des r\u00e9seaux sociaux.<\/p>\n\n\n\n<p>En aucun cas le Propri\u00e9taire n\u2019utilise les profils de ses abonn\u00e9s sur les r\u00e9seaux sociaux pour leur envoyer de la publicit\u00e9 individuellement.<\/p>\n\n\n\n<h2 class=\"wp-block-heading\">S\u00e9curit\u00e9 des donn\u00e9es personnelles<\/h2>\n\n\n\n<p>Afin de prot\u00e9ger vos donn\u00e9es personnelles, le Propri\u00e9taire prend toutes les pr\u00e9cautions raisonnables et adopte les pratiques les plus efficaces du secteur pour \u00e9viter leur perte, leur mauvaise utilisation, un acc\u00e8s non-autoris\u00e9, leur divulgation, leur alt\u00e9ration ou leur destruction.<\/p>\n\n\n\n<p>Vos donn\u00e9es peuvent \u00eatre int\u00e9gr\u00e9es \u00e0 une liste de diffusion, dont la gestion et le traitement sont la responsabilit\u00e9 du Propri\u00e9taire. La s\u00e9curit\u00e9 de vos donn\u00e9es est garantie, puisque le Propri\u00e9taire prend toutes les mesures de s\u00e9curit\u00e9 n\u00e9cessaires et vous garantit que vos donn\u00e9es personnelles ne sont utilis\u00e9es que dans le cadre des finalit\u00e9s indiqu\u00e9es.<\/p>\n\n\n\n<p>Le Propri\u00e9taire informe l\u2019Utilisateur que ses donn\u00e9es personnelles ne sont pas c\u00e9d\u00e9es \u00e0 des organismes tiers, sauf dans le cas o\u00f9 une telle cession de donn\u00e9es est soumise \u00e0 une obligation l\u00e9gale ou dans celui d\u2019une prestation de service impliquant n\u00e9cessairement une relation contractuelle avec un responsable de traitement. Dans ce dernier cas, la cession de donn\u00e9es par le Propri\u00e9taire \u00e0 un tiers ne peut s\u2019effectuer qu\u2019avec le consentement expr\u00e8s de l\u2019Utilisateur.<\/p>\n\n\n\n<p>N\u00e9anmoins, dans le cas d\u2019une collaboration avec d\u2019autres professionnels, l\u2019Utilisateur doit donner son consentement et est inform\u00e9 de l\u2019identit\u00e9 du collaborateur ainsi que de la finalit\u00e9 de la collaboration. Celle-ci respecte toujours les normes de s\u00e9curit\u00e9 les plus strictes.<\/p>\n\n\n\n<h2 class=\"wp-block-heading\">Contenus d\u2019autres sites Web<\/h2>\n\n\n\n<p>Les pages de ce site Web peuvent comporter des contenus incorpor\u00e9s (tels que des vid\u00e9os, des images, des articles, etc.). Les contenus incorpor\u00e9s provenant d\u2019autres sites Web se comportent exactement comme si vous aviez consult\u00e9 l\u2019autre site Web.<\/p>\n\n\n\n<p>Ces sites Web peuvent collecter des donn\u00e9es sur vous, utiliser des cookies, incorporer un code de suivi suppl\u00e9mentaire de tiers et analyser vos interactions \u00e0 l\u2019aide de ce code.<\/p>\n\n\n\n<h2 class=\"wp-block-heading\">Politique de cookies<\/h2>\n\n\n\n<p>Pour fonctionner correctement, ce site Web a besoin d\u2019utiliser des cookies, c\u2019est-\u00e0-dire des informations qui sont stock\u00e9es dans votre navigateur.<\/p>\n\n\n\n<h2 class=\"wp-block-heading\">Base l\u00e9gale pour le traitement des donn\u00e9es<\/h2>\n\n\n\n<p>La base l\u00e9gale pour le traitement de vos donn\u00e9es est&nbsp;:<\/p>\n\n\n\n<ul class=\"wp-block-list\">\n<li>Le consentement de la personne concern\u00e9e.<\/li>\n<\/ul>\n\n\n\n<h2 class=\"wp-block-heading\">Types d\u2019informations personnelles<\/h2>\n\n\n\n<p>Les types de donn\u00e9es personnelles trait\u00e9es par le Propri\u00e9taire sont&nbsp;:<\/p>\n\n\n\n<ul class=\"wp-block-list\">\n<li>Des donn\u00e9es identifiantes.<\/li>\n\n\n\n<li>Les donn\u00e9es particuli\u00e8rement sensibles ne sont pas trait\u00e9es.<\/li>\n<\/ul>\n\n\n\n<h2 class=\"wp-block-heading\">Conservation des donn\u00e9es personnelles<\/h2>\n\n\n\n<p>Les donn\u00e9es personnelles que vous transmettez au Propri\u00e9taire sont conserv\u00e9es jusqu\u2019\u00e0 ce que vous demandiez leur effacement.<\/p>\n\n\n\n<h2 class=\"wp-block-heading\">Navigation Internet<\/h2>\n\n\n\n<p>Lorsque vous consultez le site Web, des donn\u00e9es non identifiantes peuvent \u00eatre collect\u00e9es, telles que votre adresse IP, votre g\u00e9olocalisation, des informations sur votre utilisation des services et des sites, vos habitudes de navigation et d\u2019autres donn\u00e9es qui ne peuvent pas permettre de vous identifier.<\/p>\n\n\n\n<p>Ce site Web utilise les services d\u2019analyse de tiers suivants&nbsp;:<\/p>\n\n\n\n<p>Le Propri\u00e9taire utilise les informations collect\u00e9es pour obtenir des statistiques, analyser des tendances, g\u00e9rer son site, examiner des habitudes de navigation et collecter des informations d\u00e9mographiques.<\/p>\n\n\n\n<p>Le Propri\u00e9taire n\u2019est pas responsable du traitement des donn\u00e9es personnelles r\u00e9alis\u00e9 par les pages auxquelles vous pourriez acc\u00e9der \u00e0 partir des diff\u00e9rents liens contenus sur ce site Web.<\/p>\n\n\n\n<h2 class=\"wp-block-heading\">Exactitude et v\u00e9racit\u00e9 des donn\u00e9es personnelles<\/h2>\n\n\n\n<p>Vous vous engagez \u00e0 transmettre au Propri\u00e9taire des donn\u00e9es correctes, compl\u00e8tes, exactes et actuelles ainsi qu\u2019\u00e0 les tenir d\u00fbment \u00e0 jour.<\/p>\n\n\n\n<p>En tant qu\u2019Utilisateur du site Web, vous \u00eates le seul responsable de la v\u00e9racit\u00e9 et de l\u2019exactitude des donn\u00e9es que vous transmettez au site Web, d\u00e9chargeant le Propri\u00e9taire de toute responsabilit\u00e9 \u00e0 ce sujet.<\/p>\n\n\n\n<h2 class=\"wp-block-heading\">Acceptation et consentement<\/h2>\n\n\n\n<p>En tant qu\u2019Utilisateur du site Web, vous d\u00e9clarez avoir \u00e9t\u00e9 inform\u00e9 des conditions concernant la protection des donn\u00e9es \u00e0 caract\u00e8re personnel, vous consentez \u00e0 ce que ces derni\u00e8res soient trait\u00e9es par le Propri\u00e9taire de la mani\u00e8re et pour les finalit\u00e9s indiqu\u00e9es dans la pr\u00e9sente Politique de confidentialit\u00e9.<\/p>\n\n\n\n<p>Pour contacter le Propri\u00e9taire, vous inscrire \u00e0 une newsletter ou faire des remarques concernant ce site Web, vous devez accepter la pr\u00e9sente Politique de confidentialit\u00e9.<\/p>\n\n\n\n<h2 class=\"wp-block-heading\">Modifications de la Politique de confidentialit\u00e9<\/h2>\n\n\n\n<p>Le Propri\u00e9taire se r\u00e9serve le droit de modifier la pr\u00e9sente Politique de confidentialit\u00e9 afin de l\u2019adapter aux \u00e9volutions de la loi ou de la jurisprudence ainsi qu\u2019aux pratiques du secteur.<\/p>\n\n\n\n<p>Ces politiques sont en vigueur jusqu\u2019\u00e0 leur modification par d\u2019autres d\u00fbment publi\u00e9es.<\/p>\n","protected":false},"excerpt":{"rendered":"<p>Le Propri\u00e9taire vous informe sur sa Politique de confidentialit\u00e9 concernant le traitement et la protection des donn\u00e9es \u00e0 caract\u00e8re personnel des utilisateurs, pouvant \u00eatre collect\u00e9es pendant la navigation sur le site Web&nbsp;: https:\/\/juliapozuelo.com \u00c0 cet \u00e9gard, le Propri\u00e9taire garantit qu\u2019il respecte la r\u00e9glementation en vigueur en mati\u00e8re de protection des donn\u00e9es personnelles, prise en compte [&hellip;]<\/p>\n","protected":false},"author":1,"featured_media":0,"parent":0,"menu_order":0,"comment_status":"closed","ping_status":"closed","template":"","meta":{"footnotes":""},"class_list":["post-1294","page","type-page","status-publish","hentry"],"yoast_head":"<!-- This site is optimized with the Yoast SEO plugin v27.3 - https:\/\/yoast.com\/product\/yoast-seo-wordpress\/ -->\n<title>Politique de Confidentialit\u00e9 - Julia Pozuelo<\/title>\n<meta name=\"robots\" content=\"index, follow, max-snippet:-1, max-image-preview:large, max-video-preview:-1\" \/>\n<link rel=\"canonical\" href=\"https:\/\/juliapozuelo.com\/fr\/politique-de-confidentialite\/\" \/>\n<meta property=\"og:locale\" content=\"fr_FR\" \/>\n<meta property=\"og:type\" content=\"article\" \/>\n<meta property=\"og:title\" content=\"Politique de Confidentialit\u00e9 - Julia Pozuelo\" \/>\n<meta property=\"og:description\" content=\"Le Propri\u00e9taire vous informe sur sa Politique de confidentialit\u00e9 concernant le traitement et la protection des donn\u00e9es \u00e0 caract\u00e8re personnel des utilisateurs, pouvant \u00eatre collect\u00e9es pendant la navigation sur le site Web&nbsp;: https:\/\/juliapozuelo.com \u00c0 cet \u00e9gard, le Propri\u00e9taire garantit qu\u2019il respecte la r\u00e9glementation en vigueur en mati\u00e8re de protection des donn\u00e9es personnelles, prise en compte [&hellip;]\" \/>\n<meta property=\"og:url\" content=\"https:\/\/juliapozuelo.com\/fr\/politique-de-confidentialite\/\" \/>\n<meta property=\"og:site_name\" content=\"Julia Pozuelo\" \/>\n<meta property=\"article:modified_time\" content=\"2025-11-06T04:37:43+00:00\" \/>\n<meta name=\"twitter:card\" content=\"summary_large_image\" \/>\n<meta name=\"twitter:site\" content=\"@juliatraduce\" \/>\n<meta name=\"twitter:label1\" content=\"Dur\u00e9e de lecture estim\u00e9e\" \/>\n\t<meta name=\"twitter:data1\" content=\"8 minutes\" \/>\n<script type=\"application\/ld+json\" class=\"yoast-schema-graph\">{\"@context\":\"https:\\\/\\\/schema.org\",\"@graph\":[{\"@type\":\"WebPage\",\"@id\":\"https:\\\/\\\/juliapozuelo.com\\\/fr\\\/politique-de-confidentialite\\\/\",\"url\":\"https:\\\/\\\/juliapozuelo.com\\\/fr\\\/politique-de-confidentialite\\\/\",\"name\":\"Politique de Confidentialit\u00e9 - Julia Pozuelo\",\"isPartOf\":{\"@id\":\"https:\\\/\\\/juliapozuelo.com\\\/fr\\\/#website\"},\"datePublished\":\"2025-03-10T07:58:32+00:00\",\"dateModified\":\"2025-11-06T04:37:43+00:00\",\"breadcrumb\":{\"@id\":\"https:\\\/\\\/juliapozuelo.com\\\/fr\\\/politique-de-confidentialite\\\/#breadcrumb\"},\"inLanguage\":\"fr-FR\",\"potentialAction\":[{\"@type\":\"ReadAction\",\"target\":[\"https:\\\/\\\/juliapozuelo.com\\\/fr\\\/politique-de-confidentialite\\\/\"]}]},{\"@type\":\"BreadcrumbList\",\"@id\":\"https:\\\/\\\/juliapozuelo.com\\\/fr\\\/politique-de-confidentialite\\\/#breadcrumb\",\"itemListElement\":[{\"@type\":\"ListItem\",\"position\":1,\"name\":\"Portada\",\"item\":\"https:\\\/\\\/juliapozuelo.com\\\/fr\\\/\"},{\"@type\":\"ListItem\",\"position\":2,\"name\":\"Politique de Confidentialit\u00e9\"}]},{\"@type\":\"WebSite\",\"@id\":\"https:\\\/\\\/juliapozuelo.com\\\/fr\\\/#website\",\"url\":\"https:\\\/\\\/juliapozuelo.com\\\/fr\\\/\",\"name\":\"Julia Pozuelo\",\"description\":\"\",\"publisher\":{\"@id\":\"https:\\\/\\\/juliapozuelo.com\\\/fr\\\/#organization\"},\"potentialAction\":[{\"@type\":\"SearchAction\",\"target\":{\"@type\":\"EntryPoint\",\"urlTemplate\":\"https:\\\/\\\/juliapozuelo.com\\\/fr\\\/?s={search_term_string}\"},\"query-input\":{\"@type\":\"PropertyValueSpecification\",\"valueRequired\":true,\"valueName\":\"search_term_string\"}}],\"inLanguage\":\"fr-FR\"},{\"@type\":\"Organization\",\"@id\":\"https:\\\/\\\/juliapozuelo.com\\\/fr\\\/#organization\",\"name\":\"Julia Pozuelo\",\"url\":\"https:\\\/\\\/juliapozuelo.com\\\/fr\\\/\",\"logo\":{\"@type\":\"ImageObject\",\"inLanguage\":\"fr-FR\",\"@id\":\"https:\\\/\\\/juliapozuelo.com\\\/fr\\\/#\\\/schema\\\/logo\\\/image\\\/\",\"url\":\"https:\\\/\\\/juliapozuelo.com\\\/wp-content\\\/uploads\\\/2025\\\/02\\\/isotipo_juliapozuelo.svg\",\"contentUrl\":\"https:\\\/\\\/juliapozuelo.com\\\/wp-content\\\/uploads\\\/2025\\\/02\\\/isotipo_juliapozuelo.svg\",\"width\":212,\"height\":214,\"caption\":\"Julia Pozuelo\"},\"image\":{\"@id\":\"https:\\\/\\\/juliapozuelo.com\\\/fr\\\/#\\\/schema\\\/logo\\\/image\\\/\"},\"sameAs\":[\"https:\\\/\\\/x.com\\\/juliatraduce\"]}]}<\/script>\n<!-- \/ Yoast SEO plugin. -->","yoast_head_json":{"title":"Politique de Confidentialit\u00e9 - Julia Pozuelo","robots":{"index":"index","follow":"follow","max-snippet":"max-snippet:-1","max-image-preview":"max-image-preview:large","max-video-preview":"max-video-preview:-1"},"canonical":"https:\/\/juliapozuelo.com\/fr\/politique-de-confidentialite\/","og_locale":"fr_FR","og_type":"article","og_title":"Politique de Confidentialit\u00e9 - Julia Pozuelo","og_description":"Le Propri\u00e9taire vous informe sur sa Politique de confidentialit\u00e9 concernant le traitement et la protection des donn\u00e9es \u00e0 caract\u00e8re personnel des utilisateurs, pouvant \u00eatre collect\u00e9es pendant la navigation sur le site Web&nbsp;: https:\/\/juliapozuelo.com \u00c0 cet \u00e9gard, le Propri\u00e9taire garantit qu\u2019il respecte la r\u00e9glementation en vigueur en mati\u00e8re de protection des donn\u00e9es personnelles, prise en compte [&hellip;]","og_url":"https:\/\/juliapozuelo.com\/fr\/politique-de-confidentialite\/","og_site_name":"Julia Pozuelo","article_modified_time":"2025-11-06T04:37:43+00:00","twitter_card":"summary_large_image","twitter_site":"@juliatraduce","twitter_misc":{"Dur\u00e9e de lecture estim\u00e9e":"8 minutes"},"schema":{"@context":"https:\/\/schema.org","@graph":[{"@type":"WebPage","@id":"https:\/\/juliapozuelo.com\/fr\/politique-de-confidentialite\/","url":"https:\/\/juliapozuelo.com\/fr\/politique-de-confidentialite\/","name":"Politique de Confidentialit\u00e9 - Julia Pozuelo","isPartOf":{"@id":"https:\/\/juliapozuelo.com\/fr\/#website"},"datePublished":"2025-03-10T07:58:32+00:00","dateModified":"2025-11-06T04:37:43+00:00","breadcrumb":{"@id":"https:\/\/juliapozuelo.com\/fr\/politique-de-confidentialite\/#breadcrumb"},"inLanguage":"fr-FR","potentialAction":[{"@type":"ReadAction","target":["https:\/\/juliapozuelo.com\/fr\/politique-de-confidentialite\/"]}]},{"@type":"BreadcrumbList","@id":"https:\/\/juliapozuelo.com\/fr\/politique-de-confidentialite\/#breadcrumb","itemListElement":[{"@type":"ListItem","position":1,"name":"Portada","item":"https:\/\/juliapozuelo.com\/fr\/"},{"@type":"ListItem","position":2,"name":"Politique de Confidentialit\u00e9"}]},{"@type":"WebSite","@id":"https:\/\/juliapozuelo.com\/fr\/#website","url":"https:\/\/juliapozuelo.com\/fr\/","name":"Julia Pozuelo","description":"","publisher":{"@id":"https:\/\/juliapozuelo.com\/fr\/#organization"},"potentialAction":[{"@type":"SearchAction","target":{"@type":"EntryPoint","urlTemplate":"https:\/\/juliapozuelo.com\/fr\/?s={search_term_string}"},"query-input":{"@type":"PropertyValueSpecification","valueRequired":true,"valueName":"search_term_string"}}],"inLanguage":"fr-FR"},{"@type":"Organization","@id":"https:\/\/juliapozuelo.com\/fr\/#organization","name":"Julia Pozuelo","url":"https:\/\/juliapozuelo.com\/fr\/","logo":{"@type":"ImageObject","inLanguage":"fr-FR","@id":"https:\/\/juliapozuelo.com\/fr\/#\/schema\/logo\/image\/","url":"https:\/\/juliapozuelo.com\/wp-content\/uploads\/2025\/02\/isotipo_juliapozuelo.svg","contentUrl":"https:\/\/juliapozuelo.com\/wp-content\/uploads\/2025\/02\/isotipo_juliapozuelo.svg","width":212,"height":214,"caption":"Julia Pozuelo"},"image":{"@id":"https:\/\/juliapozuelo.com\/fr\/#\/schema\/logo\/image\/"},"sameAs":["https:\/\/x.com\/juliatraduce"]}]}},"_links":{"self":[{"href":"https:\/\/juliapozuelo.com\/fr\/wp-json\/wp\/v2\/pages\/1294","targetHints":{"allow":["GET"]}}],"collection":[{"href":"https:\/\/juliapozuelo.com\/fr\/wp-json\/wp\/v2\/pages"}],"about":[{"href":"https:\/\/juliapozuelo.com\/fr\/wp-json\/wp\/v2\/types\/page"}],"author":[{"embeddable":true,"href":"https:\/\/juliapozuelo.com\/fr\/wp-json\/wp\/v2\/users\/1"}],"replies":[{"embeddable":true,"href":"https:\/\/juliapozuelo.com\/fr\/wp-json\/wp\/v2\/comments?post=1294"}],"version-history":[{"count":1,"href":"https:\/\/juliapozuelo.com\/fr\/wp-json\/wp\/v2\/pages\/1294\/revisions"}],"predecessor-version":[{"id":1295,"href":"https:\/\/juliapozuelo.com\/fr\/wp-json\/wp\/v2\/pages\/1294\/revisions\/1295"}],"wp:attachment":[{"href":"https:\/\/juliapozuelo.com\/fr\/wp-json\/wp\/v2\/media?parent=1294"}],"curies":[{"name":"wp","href":"https:\/\/api.w.org\/{rel}","templated":true}]}}