{"id":1292,"date":"2025-03-10T08:58:32","date_gmt":"2025-03-10T07:58:32","guid":{"rendered":"https:\/\/juliapozuelo.com\/?page_id=1292"},"modified":"2025-11-06T05:36:18","modified_gmt":"2025-11-06T04:36:18","slug":"politique-aux-cookies","status":"publish","type":"page","link":"https:\/\/juliapozuelo.com\/fr\/politique-aux-cookies\/","title":{"rendered":"Politique aux Cookies"},"content":{"rendered":"\n<h2 class=\"wp-block-heading\">Que sont les cookies&nbsp;?<\/h2>\n\n\n\n<p>En anglais, le terme <em>cookie<\/em> signifie \u00ab&nbsp;biscuit&nbsp;\u00bb, mais, dans le jargon d\u2019Internet, il d\u00e9signe tout autre chose. Lors de votre visite sur notre site Web, un petit fichier texte appel\u00e9 \u00ab&nbsp;cookie&nbsp;\u00bb est stock\u00e9 par votre navigateur. Ce fichier texte contient diverses informations concernant votre navigation, vos habitudes, vos pr\u00e9f\u00e9rences, vos contenus personnalis\u00e9s, etc.<\/p>\n\n\n\n<p>D\u2019autres technologies fonctionnent sur le m\u00eame mod\u00e8le et sont \u00e9galement utilis\u00e9es pour collecter des donn\u00e9es sur vos activit\u00e9s de navigation. Nous appellerons \u00ab&nbsp;cookies&nbsp;\u00bb l\u2019ensemble de ces technologies.<\/p>\n\n\n\n<p>Le pr\u00e9sent document d\u00e9crit l\u2019usage concret que nous faisons de ces technologies.<\/p>\n\n\n\n<h2 class=\"wp-block-heading\">\u00c0 quoi servent les cookies sur ce site Web&nbsp;?<\/h2>\n\n\n\n<p>Les cookies sont essentiels au fonctionnement de ce site Web. Leur objectif principal est d\u2019am\u00e9liorer votre exp\u00e9rience de navigation. Par exemple, ils permettent de m\u00e9moriser vos pr\u00e9f\u00e9rences (langue, pays, etc.) pendant la navigation et pour vos prochaines visites. Les informations collect\u00e9es dans les cookies nous permettent \u00e9galement d\u2019am\u00e9liorer le site Web, de l\u2019adapter \u00e0 vos centres d\u2019int\u00e9r\u00eat en tant qu\u2019utilisateur, d\u2019acc\u00e9l\u00e9rer vos recherches, etc.<\/p>\n\n\n\n<p>Dans certains cas, avec votre consentement pr\u00e9alable et \u00e9clair\u00e9, les cookies peuvent avoir d\u2019autres fonctions, comme celle de recueillir des informations nous permettant de vous proposer des publicit\u00e9s bas\u00e9es sur l\u2019analyse de vos habitudes de navigation.<\/p>\n\n\n\n<h2 class=\"wp-block-heading\">\u00c0 quoi NE servent PAS les cookies sur ce site Web&nbsp;?<\/h2>\n\n\n\n<p>Les cookies que nous utilisons n\u2019incluent pas de donn\u00e9es sensibles permettant de vous identifier, comme votre pr\u00e9nom, votre adresse, votre mot de passe, etc.<\/p>\n\n\n\n<h2 class=\"wp-block-heading\">Qui utilise les informations stock\u00e9es dans les cookies&nbsp;?<\/h2>\n\n\n\n<p>L\u2019utilisation des informations stock\u00e9es dans les cookies de notre site Web nous est exclusivement r\u00e9serv\u00e9e, sauf pour les \u00ab&nbsp;cookies tiers&nbsp;\u00bb, mentionn\u00e9s ci-apr\u00e8s, utilis\u00e9s et g\u00e9r\u00e9s par des entit\u00e9s externes qui nous fournissent des services nous permettant d\u2019am\u00e9liorer l\u2019exp\u00e9rience de l\u2019utilisateur. Il s\u2019agit, par exemple, des statistiques collect\u00e9es concernant le nombre de visites, les contenus les plus appr\u00e9ci\u00e9s, etc.<\/p>\n\n\n\n<h2 class=\"wp-block-heading\">Comment emp\u00eacher l\u2019utilisation de cookies sur ce site Web&nbsp;?<\/h2>\n\n\n\n<p>Si vous pr\u00e9f\u00e9rez emp\u00eacher l\u2019utilisation des cookies, vous pouvez REFUSER leur utilisation ou PARAM\u00c9TRER ceux que vous souhaitez emp\u00eacher et ceux que vous autorisez (le pr\u00e9sent document vous informe en d\u00e9tail sur chaque type de cookie, sa finalit\u00e9, son destinataire, sa dur\u00e9e, etc. ).<\/p>\n\n\n\n<p>Une fois que vous avez accept\u00e9 les cookies, la question ne vous est pas repos\u00e9e, \u00e0 moins que vous n\u2019effaciez les cookies de votre appareil, comme indiqu\u00e9 dans le paragraphe suivant. Si vous souhaitez revenir sur votre consentement, vous devez effacer les cookies et les reparam\u00e9trer.<\/p>\n\n\n\n<h2 class=\"wp-block-heading\">Comment d\u00e9sactiver et supprimer l\u2019utilisation des cookies&nbsp;?<\/h2>\n\n\n\n<p>Le Propri\u00e9taire vous donne acc\u00e8s aux informations concernant sa Politique de cookies dans le bandeau des cookies, pr\u00e9sent sur toutes les pages du site Web. Le bandeau des cookies affiche des informations essentielles sur le traitement des donn\u00e9es et permet \u00e0 l\u2019Utilisateur de&nbsp;:<\/p>\n\n\n\n<ul class=\"wp-block-list\">\n<li>ACCEPTER ou REFUSER l\u2019installation de cookies, revenir sur son consentement donn\u00e9 pr\u00e9c\u00e9demment.<\/li>\n\n\n\n<li>Modifier ses pr\u00e9f\u00e9rences en mati\u00e8re de cookies depuis la page Personnalisation des cookies, \u00e0 laquelle il peut acc\u00e9der depuis le bandeau de gestion des cookies ou depuis la page <a href=\"https:\/\/juliapozuelo.com\/personalizar-cookies\/\">Personnalisation des cookies<\/a>.<\/li>\n<\/ul>\n\n\n\n<p>\u00c0 tout moment, l\u2019Utilisateur peut limiter, bloquer ou effacer les cookies de ce site Web (et les cookies tiers) en modifiant les param\u00e8tres de son navigateur. Gardez en t\u00eate que ces param\u00e8tres changent d\u2019un navigateur \u00e0 l\u2019autre.<\/p>\n\n\n\n<p>Les liens suivants vous donnent acc\u00e8s aux instructions pour autoriser ou bloquer les cookies sur les navigateurs les plus fr\u00e9quents.<\/p>\n\n\n\n<ul class=\"wp-block-list\">\n<li><a href=\"https:\/\/support.mozilla.org\/fr\/kb\/cookies-informations-sites-enregistrent\" target=\"_blank\" rel=\"noreferrer noopener\">Firefox<\/a><\/li>\n\n\n\n<li><a href=\"https:\/\/support.google.com\/chrome\/answer\/95647?hl=fr&amp;sjid=11973782693262442163-EU\" target=\"_blank\" rel=\"noreferrer noopener\">Google Chrome<\/a><\/li>\n\n\n\n<li><a href=\"\/home\/wabi\/Documentos\/Julia%20Pozuelo%20Traducciones\/Web_JuliaPozuelo_Franc%C3%A9s\/_blank\">Internet Explorer<\/a><\/li>\n\n\n\n<li><a href=\"https:\/\/support.microsoft.com\/fr-fr\/microsoft-edge\/microsoft-edge-donn%C3%A9es-de-navigation-et-confidentialit%C3%A9-bb8174ba-9d73-dcf2-9b4a-c582b4e640dd%23:~:text=Vous%20pouvez%20g%C3%A9rer%20ces%20donn%C3%A9es,Microsoft%20Windows%20via%20son%20indexeur\" target=\"_blank\" rel=\"noreferrer noopener\">Microsoft Edge<\/a><\/li>\n\n\n\n<li><a href=\"https:\/\/support.apple.com\/fr-fr\/105082\" target=\"_blank\" rel=\"noreferrer noopener\">Safari<\/a><\/li>\n<\/ul>\n\n\n\n<h2 class=\"wp-block-heading\">Quels types de cookies sont utilis\u00e9s sur cette page Web&nbsp;?<\/h2>\n\n\n\n<p>Chaque page Web utilise ses propres cookies. Voici ceux que nous utilisons sur notre site Web&nbsp;:<\/p>\n\n\n\n<p><strong>SELON L\u2019ENTIT\u00c9 DE GESTION<\/strong><\/p>\n\n\n\n<p><strong>Cookies internes&nbsp;:<\/strong><\/p>\n\n\n\n<p>Ce sont ceux qui sont envoy\u00e9s au terminal de l\u2019Utilisateur depuis un \u00e9quipement ou un domaine g\u00e9r\u00e9 par l\u2019\u00e9diteur du site lui-m\u00eame et depuis lequel est effectu\u00e9 le service demand\u00e9 par l\u2019Utilisateur.<\/p>\n\n\n\n<p><strong>Cookies tiers&nbsp;:<\/strong><\/p>\n\n\n\n<p>Ce sont ceux qui sont envoy\u00e9s au terminal de l\u2019Utilisateur depuis un \u00e9quipement ou un domaine qui n\u2019est pas g\u00e9r\u00e9 par l\u2019\u00e9diteur, mais par une autre entit\u00e9 qui traite les donn\u00e9es obtenues via les cookies.<\/p>\n\n\n\n<p>Dans le cas o\u00f9 les cookies sont fournis \u00e0 partir d\u2019un \u00e9quipement ou un domaine g\u00e9r\u00e9 par l\u2019\u00e9diteur du site lui-m\u00eame, mais les informations collect\u00e9es via ces cookies sont g\u00e9r\u00e9es par un tiers, ils ne peuvent pas \u00eatre consid\u00e9r\u00e9s comme des cookies internes si le tiers s\u2019en sert pour ses propres objectifs (par exemple, l\u2019am\u00e9lioration de ses services ou la prestation de services \u00e0 caract\u00e8re publicitaire au profit d\u2019autres entit\u00e9s).<\/p>\n\n\n\n<p><strong>SELON LEUR FINALIT\u00c9<\/strong><\/p>\n\n\n\n<p><strong>Cookies techniques&nbsp;:<\/strong><\/p>\n\n\n\n<p>Ce sont ceux qui sont n\u00e9cessaires \u00e0 la navigation et au bon fonctionnement de notre site Web. Ils permettent notamment de contr\u00f4ler le trafic et la transmission de donn\u00e9es, d\u2019identifier la session, d\u2019acc\u00e9der \u00e0 des espaces r\u00e9serv\u00e9s, d\u2019envoyer une demande d\u2019inscription ou de participation \u00e0 un \u00e9v\u00e8nement, de comptabiliser les visites pour la facturation des licences du logiciel permettant le fonctionnement du service du site Web, d\u2019utiliser des \u00e9l\u00e9ments de s\u00e9curit\u00e9 pendant la navigation, de stocker des contenus pour la diffusion de vid\u00e9os ou de son, d\u2019activer des contenus dynamiques (par exemple, le chargement d\u2019un texte ou d\u2019une image) ou de partager des contenus via les r\u00e9seaux sociaux.<\/p>\n\n\n\n<p><strong>Cookies de mesure d\u2019audience&nbsp;:<\/strong><\/p>\n\n\n\n<p>Ils permettent de compter le nombre d\u2019utilisateurs et ainsi de mesurer et d\u2019analyser statistiquement l\u2019utilisation qui est faite du site Web.<\/p>\n\n\n\n<p><strong>Cookies de personnalisation&nbsp;:<\/strong><\/p>\n\n\n\n<p>Ce sont ceux qui m\u00e9morisent des informations permettant \u00e0 l\u2019Utilisateur d\u2019acc\u00e9der au service selon des caract\u00e9ristiques personnalis\u00e9es qui diff\u00e9rencient son exp\u00e9rience de celles des autres utilisateurs, comme le choix de la langue, le nombre de r\u00e9sultats \u00e0 afficher lorsque l\u2019Utilisateur lance une recherche, l\u2019aspect ou les contenus du service selon le type de navigateur employ\u00e9 par l\u2019Utilisateur pour acc\u00e9der au service ou la r\u00e9gion depuis laquelle il y acc\u00e8de, etc.<\/p>\n\n\n\n<p><strong>SELON LEUR DUR\u00c9E DE VIE<\/strong><\/p>\n\n\n\n<p><strong>Cookies de session&nbsp;:<\/strong><\/p>\n\n\n\n<p>Ils sont con\u00e7us pour recueillir et stocker des donn\u00e9es pendant la consultation d\u2019une page Web.<\/p>\n\n\n\n<p>Ils sont g\u00e9n\u00e9ralement employ\u00e9s pour stocker des informations dont la conservation n\u2019est utile que pour la prestation du service demand\u00e9 par l\u2019Utilisateur et \u00e0 une seule occasion (par exemple, une liste d\u2019articles achet\u00e9s) et sont effac\u00e9s d\u00e8s que la session est termin\u00e9e.<\/p>\n\n\n\n<p><strong>Cookies persistants&nbsp;:<\/strong><\/p>\n\n\n\n<p>Les donn\u00e9es restent stock\u00e9es dans le terminal&nbsp;: elles sont accessibles et peuvent \u00eatre trait\u00e9es pendant une dur\u00e9e d\u00e9finie par le responsable des cookies, pouvant aller de quelques minutes \u00e0 plusieurs ann\u00e9es. \u00c0 cet \u00e9gard, il convient d\u2019\u00e9valuer pr\u00e9cis\u00e9ment la n\u00e9cessit\u00e9 d&rsquo;utiliser des cookies persistants, puisque l\u2019utilisation de cookies de session peut r\u00e9duire les risques pour la confidentialit\u00e9. Dans tous les cas, lorsque des cookies persistants sont d\u00e9pos\u00e9s, il est recommand\u00e9 de limiter leur dur\u00e9e de conservation au strict minimum, en fonction de leur finalit\u00e9. \u00c0 cet effet, l\u2019avis 4\/2012 du GT29 pr\u00e9cise que, pour qu\u2019un cookie puisse \u00eatre exempt\u00e9 de l\u2019obligation du consentement \u00e9clair\u00e9, sa dur\u00e9e de vie doit correspondre \u00e0 sa finalit\u00e9. Par cons\u00e9quent, il est plus probable que les cookies de session en soient exempt\u00e9s que les cookies persistants.<\/p>\n\n\n\n<p><strong>D\u00e9tail des cookies utilis\u00e9s sur ce site Web&nbsp;:<\/strong><\/p>\n\n\n\n<ul class=\"wp-block-list\">\n<li><strong>_ga<\/strong><\/li>\n<\/ul>\n\n\n\n<ul class=\"wp-block-list\">\n<li>ID de Google Analytics pour identifier les Utilisateurs<\/li>\n\n\n\n<li>Type\u00a0: Mesure d\u2019audience.<\/li>\n\n\n\n<li>Dur\u00e9e\u00a0: 2\u00a0ans.<\/li>\n\n\n\n<li>Politique de confidentialit\u00e9\u00a0: <a href=\"https:\/\/business.safety.google\/privacy\/\">https:\/\/business.safety.google\/privacy\/<\/a><\/li>\n<\/ul>\n\n\n\n<ul class=\"wp-block-list\">\n<li><strong>_ga_JLE1FFGX1S<\/strong><\/li>\n<\/ul>\n\n\n\n<ul class=\"wp-block-list\">\n<li>ID de Google Analytics pour identifier les Sessions<\/li>\n\n\n\n<li>Type\u00a0: Mesure d\u2019audience.<\/li>\n\n\n\n<li>Dur\u00e9e\u00a0: Session.<\/li>\n\n\n\n<li>Politique de confidentialit\u00e9\u00a0: <a href=\"https:\/\/business.safety.google\/privacy\/\">https:\/\/business.safety.google\/privacy\/<\/a><\/li>\n<\/ul>\n\n\n\n<ul class=\"wp-block-list\">\n<li><strong>wp-wpml_current_language<\/strong><\/li>\n<\/ul>\n\n\n\n<ul class=\"wp-block-list\">\n<li>Ce cookie enregistre le choix de langue de l\u2019utilisateur<\/li>\n\n\n\n<li>Type\u00a0: Fonctionnel.<\/li>\n\n\n\n<li>Dur\u00e9e\u00a0: Session.<\/li>\n<\/ul>\n\n\n\n<p><strong>BANDEAU WEB<\/strong><\/p>\n\n\n\n<p><a><\/a> Ce site Web utilise des cookies internes pour assurer son fonctionnement. Il contient des liens vers des sites Web tiers ayant leurs propres politiques de confidentialit\u00e9 que vous pouvez accepter ou non lorsque vous les consultez. En cliquant sur le bouton Accepter, vous acceptez l\u2019utilisation de ces technologies et le traitement de vos donn\u00e9es \u00e0 ces fins. <a href=\"https:\/\/juliapozuelo.com\/personalizar-cookies\/\">En savoir plus<\/a><\/p>\n","protected":false},"excerpt":{"rendered":"<p>Que sont les cookies&nbsp;? En anglais, le terme cookie signifie \u00ab&nbsp;biscuit&nbsp;\u00bb, mais, dans le jargon d\u2019Internet, il d\u00e9signe tout autre chose. Lors de votre visite sur notre site Web, un petit fichier texte appel\u00e9 \u00ab&nbsp;cookie&nbsp;\u00bb est stock\u00e9 par votre navigateur. Ce fichier texte contient diverses informations concernant votre navigation, vos habitudes, vos pr\u00e9f\u00e9rences, vos contenus [&hellip;]<\/p>\n","protected":false},"author":1,"featured_media":0,"parent":0,"menu_order":0,"comment_status":"closed","ping_status":"closed","template":"","meta":{"footnotes":""},"class_list":["post-1292","page","type-page","status-publish","hentry"],"yoast_head":"<!-- This site is optimized with the Yoast SEO plugin v27.3 - https:\/\/yoast.com\/product\/yoast-seo-wordpress\/ -->\n<title>Politique aux Cookies - Julia Pozuelo<\/title>\n<meta name=\"robots\" content=\"index, follow, max-snippet:-1, max-image-preview:large, max-video-preview:-1\" \/>\n<link rel=\"canonical\" href=\"https:\/\/juliapozuelo.com\/fr\/politique-aux-cookies\/\" \/>\n<meta property=\"og:locale\" content=\"fr_FR\" \/>\n<meta property=\"og:type\" content=\"article\" \/>\n<meta property=\"og:title\" content=\"Politique aux Cookies - Julia Pozuelo\" \/>\n<meta property=\"og:description\" content=\"Que sont les cookies&nbsp;? En anglais, le terme cookie signifie \u00ab&nbsp;biscuit&nbsp;\u00bb, mais, dans le jargon d\u2019Internet, il d\u00e9signe tout autre chose. Lors de votre visite sur notre site Web, un petit fichier texte appel\u00e9 \u00ab&nbsp;cookie&nbsp;\u00bb est stock\u00e9 par votre navigateur. Ce fichier texte contient diverses informations concernant votre navigation, vos habitudes, vos pr\u00e9f\u00e9rences, vos contenus [&hellip;]\" \/>\n<meta property=\"og:url\" content=\"https:\/\/juliapozuelo.com\/fr\/politique-aux-cookies\/\" \/>\n<meta property=\"og:site_name\" content=\"Julia Pozuelo\" \/>\n<meta property=\"article:modified_time\" content=\"2025-11-06T04:36:18+00:00\" \/>\n<meta name=\"twitter:card\" content=\"summary_large_image\" \/>\n<meta name=\"twitter:site\" content=\"@juliatraduce\" \/>\n<meta name=\"twitter:label1\" content=\"Dur\u00e9e de lecture estim\u00e9e\" \/>\n\t<meta name=\"twitter:data1\" content=\"6 minutes\" \/>\n<script type=\"application\/ld+json\" class=\"yoast-schema-graph\">{\"@context\":\"https:\\\/\\\/schema.org\",\"@graph\":[{\"@type\":\"WebPage\",\"@id\":\"https:\\\/\\\/juliapozuelo.com\\\/fr\\\/politique-aux-cookies\\\/\",\"url\":\"https:\\\/\\\/juliapozuelo.com\\\/fr\\\/politique-aux-cookies\\\/\",\"name\":\"Politique aux Cookies - Julia Pozuelo\",\"isPartOf\":{\"@id\":\"https:\\\/\\\/juliapozuelo.com\\\/fr\\\/#website\"},\"datePublished\":\"2025-03-10T07:58:32+00:00\",\"dateModified\":\"2025-11-06T04:36:18+00:00\",\"breadcrumb\":{\"@id\":\"https:\\\/\\\/juliapozuelo.com\\\/fr\\\/politique-aux-cookies\\\/#breadcrumb\"},\"inLanguage\":\"fr-FR\",\"potentialAction\":[{\"@type\":\"ReadAction\",\"target\":[\"https:\\\/\\\/juliapozuelo.com\\\/fr\\\/politique-aux-cookies\\\/\"]}]},{\"@type\":\"BreadcrumbList\",\"@id\":\"https:\\\/\\\/juliapozuelo.com\\\/fr\\\/politique-aux-cookies\\\/#breadcrumb\",\"itemListElement\":[{\"@type\":\"ListItem\",\"position\":1,\"name\":\"Portada\",\"item\":\"https:\\\/\\\/juliapozuelo.com\\\/fr\\\/\"},{\"@type\":\"ListItem\",\"position\":2,\"name\":\"Politique aux Cookies\"}]},{\"@type\":\"WebSite\",\"@id\":\"https:\\\/\\\/juliapozuelo.com\\\/fr\\\/#website\",\"url\":\"https:\\\/\\\/juliapozuelo.com\\\/fr\\\/\",\"name\":\"Julia Pozuelo\",\"description\":\"\",\"publisher\":{\"@id\":\"https:\\\/\\\/juliapozuelo.com\\\/fr\\\/#organization\"},\"potentialAction\":[{\"@type\":\"SearchAction\",\"target\":{\"@type\":\"EntryPoint\",\"urlTemplate\":\"https:\\\/\\\/juliapozuelo.com\\\/fr\\\/?s={search_term_string}\"},\"query-input\":{\"@type\":\"PropertyValueSpecification\",\"valueRequired\":true,\"valueName\":\"search_term_string\"}}],\"inLanguage\":\"fr-FR\"},{\"@type\":\"Organization\",\"@id\":\"https:\\\/\\\/juliapozuelo.com\\\/fr\\\/#organization\",\"name\":\"Julia Pozuelo\",\"url\":\"https:\\\/\\\/juliapozuelo.com\\\/fr\\\/\",\"logo\":{\"@type\":\"ImageObject\",\"inLanguage\":\"fr-FR\",\"@id\":\"https:\\\/\\\/juliapozuelo.com\\\/fr\\\/#\\\/schema\\\/logo\\\/image\\\/\",\"url\":\"https:\\\/\\\/juliapozuelo.com\\\/wp-content\\\/uploads\\\/2025\\\/02\\\/isotipo_juliapozuelo.svg\",\"contentUrl\":\"https:\\\/\\\/juliapozuelo.com\\\/wp-content\\\/uploads\\\/2025\\\/02\\\/isotipo_juliapozuelo.svg\",\"width\":212,\"height\":214,\"caption\":\"Julia Pozuelo\"},\"image\":{\"@id\":\"https:\\\/\\\/juliapozuelo.com\\\/fr\\\/#\\\/schema\\\/logo\\\/image\\\/\"},\"sameAs\":[\"https:\\\/\\\/x.com\\\/juliatraduce\"]}]}<\/script>\n<!-- \/ Yoast SEO plugin. -->","yoast_head_json":{"title":"Politique aux Cookies - Julia Pozuelo","robots":{"index":"index","follow":"follow","max-snippet":"max-snippet:-1","max-image-preview":"max-image-preview:large","max-video-preview":"max-video-preview:-1"},"canonical":"https:\/\/juliapozuelo.com\/fr\/politique-aux-cookies\/","og_locale":"fr_FR","og_type":"article","og_title":"Politique aux Cookies - Julia Pozuelo","og_description":"Que sont les cookies&nbsp;? En anglais, le terme cookie signifie \u00ab&nbsp;biscuit&nbsp;\u00bb, mais, dans le jargon d\u2019Internet, il d\u00e9signe tout autre chose. Lors de votre visite sur notre site Web, un petit fichier texte appel\u00e9 \u00ab&nbsp;cookie&nbsp;\u00bb est stock\u00e9 par votre navigateur. Ce fichier texte contient diverses informations concernant votre navigation, vos habitudes, vos pr\u00e9f\u00e9rences, vos contenus [&hellip;]","og_url":"https:\/\/juliapozuelo.com\/fr\/politique-aux-cookies\/","og_site_name":"Julia Pozuelo","article_modified_time":"2025-11-06T04:36:18+00:00","twitter_card":"summary_large_image","twitter_site":"@juliatraduce","twitter_misc":{"Dur\u00e9e de lecture estim\u00e9e":"6 minutes"},"schema":{"@context":"https:\/\/schema.org","@graph":[{"@type":"WebPage","@id":"https:\/\/juliapozuelo.com\/fr\/politique-aux-cookies\/","url":"https:\/\/juliapozuelo.com\/fr\/politique-aux-cookies\/","name":"Politique aux Cookies - Julia Pozuelo","isPartOf":{"@id":"https:\/\/juliapozuelo.com\/fr\/#website"},"datePublished":"2025-03-10T07:58:32+00:00","dateModified":"2025-11-06T04:36:18+00:00","breadcrumb":{"@id":"https:\/\/juliapozuelo.com\/fr\/politique-aux-cookies\/#breadcrumb"},"inLanguage":"fr-FR","potentialAction":[{"@type":"ReadAction","target":["https:\/\/juliapozuelo.com\/fr\/politique-aux-cookies\/"]}]},{"@type":"BreadcrumbList","@id":"https:\/\/juliapozuelo.com\/fr\/politique-aux-cookies\/#breadcrumb","itemListElement":[{"@type":"ListItem","position":1,"name":"Portada","item":"https:\/\/juliapozuelo.com\/fr\/"},{"@type":"ListItem","position":2,"name":"Politique aux Cookies"}]},{"@type":"WebSite","@id":"https:\/\/juliapozuelo.com\/fr\/#website","url":"https:\/\/juliapozuelo.com\/fr\/","name":"Julia Pozuelo","description":"","publisher":{"@id":"https:\/\/juliapozuelo.com\/fr\/#organization"},"potentialAction":[{"@type":"SearchAction","target":{"@type":"EntryPoint","urlTemplate":"https:\/\/juliapozuelo.com\/fr\/?s={search_term_string}"},"query-input":{"@type":"PropertyValueSpecification","valueRequired":true,"valueName":"search_term_string"}}],"inLanguage":"fr-FR"},{"@type":"Organization","@id":"https:\/\/juliapozuelo.com\/fr\/#organization","name":"Julia Pozuelo","url":"https:\/\/juliapozuelo.com\/fr\/","logo":{"@type":"ImageObject","inLanguage":"fr-FR","@id":"https:\/\/juliapozuelo.com\/fr\/#\/schema\/logo\/image\/","url":"https:\/\/juliapozuelo.com\/wp-content\/uploads\/2025\/02\/isotipo_juliapozuelo.svg","contentUrl":"https:\/\/juliapozuelo.com\/wp-content\/uploads\/2025\/02\/isotipo_juliapozuelo.svg","width":212,"height":214,"caption":"Julia Pozuelo"},"image":{"@id":"https:\/\/juliapozuelo.com\/fr\/#\/schema\/logo\/image\/"},"sameAs":["https:\/\/x.com\/juliatraduce"]}]}},"_links":{"self":[{"href":"https:\/\/juliapozuelo.com\/fr\/wp-json\/wp\/v2\/pages\/1292","targetHints":{"allow":["GET"]}}],"collection":[{"href":"https:\/\/juliapozuelo.com\/fr\/wp-json\/wp\/v2\/pages"}],"about":[{"href":"https:\/\/juliapozuelo.com\/fr\/wp-json\/wp\/v2\/types\/page"}],"author":[{"embeddable":true,"href":"https:\/\/juliapozuelo.com\/fr\/wp-json\/wp\/v2\/users\/1"}],"replies":[{"embeddable":true,"href":"https:\/\/juliapozuelo.com\/fr\/wp-json\/wp\/v2\/comments?post=1292"}],"version-history":[{"count":1,"href":"https:\/\/juliapozuelo.com\/fr\/wp-json\/wp\/v2\/pages\/1292\/revisions"}],"predecessor-version":[{"id":1293,"href":"https:\/\/juliapozuelo.com\/fr\/wp-json\/wp\/v2\/pages\/1292\/revisions\/1293"}],"wp:attachment":[{"href":"https:\/\/juliapozuelo.com\/fr\/wp-json\/wp\/v2\/media?parent=1292"}],"curies":[{"name":"wp","href":"https:\/\/api.w.org\/{rel}","templated":true}]}}