{"id":1290,"date":"2025-06-27T09:13:50","date_gmt":"2025-06-27T07:13:50","guid":{"rendered":"https:\/\/juliapozuelo.com\/?page_id=1290"},"modified":"2025-11-06T15:23:32","modified_gmt":"2025-11-06T14:23:32","slug":"avis-juridique","status":"publish","type":"page","link":"https:\/\/juliapozuelo.com\/fr\/avis-juridique\/","title":{"rendered":"Avis L\u00e9gal"},"content":{"rendered":"\n<h2 class=\"wp-block-heading\">Identification et Propri\u00e9t\u00e9<\/h2>\n\n\n\n<p>Conform\u00e9ment \u00e0 l\u2019article&nbsp;10 de la loi&nbsp;34\/2002 des Services de la soci\u00e9t\u00e9 de l\u2019information et du commerce \u00e9lectronique du 11&nbsp;juillet, les donn\u00e9es permettant d\u2019identifier le Propri\u00e9taire doivent \u00eatre affich\u00e9es&nbsp;:<\/p>\n\n\n\n<ul class=\"wp-block-list\">\n<li><strong>Propri\u00e9taire\u00a0:<\/strong>\u00a0 Julia Pozuelo Men\u00e9ndez.<\/li>\n\n\n\n<li><strong>NIF\u00a0:<\/strong>\u00a071729488D<\/li>\n\n\n\n<li><strong>Adresse\u00a0:<\/strong>\u00a0 C\/ Fuertes Acevedo 16 2.o C Oviedo (33006), Asturies \u2013 Espagne.<\/li>\n\n\n\n<li><strong>Adresse \u00e9lectronique\u00a0:<\/strong>\u00a0 juliapozuelomenendez@gmail.com<\/li>\n\n\n\n<li><strong>T\u00e9l\u00e9phone\u00a0:<\/strong>\u00a0 +34650682223<\/li>\n\n\n\n<li><strong>Site Web\u00a0:<\/strong>\u00a0 <a href=\"https:\/\/juliapozuelo.com\/fr\/\">https:\/\/juliapozuelo.com<\/a><\/li>\n<\/ul>\n\n\n\n<h2 class=\"wp-block-heading\">Objectif<\/h2>\n\n\n\n<p>L\u2019objectif du site Web est&nbsp;: des Services de Traduction.<\/p>\n\n\n\n<h2 class=\"wp-block-heading\">Conditions d\u2019utilisation<\/h2>\n\n\n\n<p>L\u2019utilisation de ce site Web vous conf\u00e8re le statut d\u2019Utilisateur et implique l\u2019acceptation pleine de toutes les clauses et conditions d\u2019utilisation cit\u00e9es dans les pages suivantes&nbsp;:<\/p>\n\n\n\n<ul class=\"wp-block-list\">\n<li>Mentions l\u00e9gales<\/li>\n<\/ul>\n\n\n\n<p>En cas de d\u00e9saccord avec l\u2019une de ces clauses et conditions, veuillez vous abstenir d\u2019utiliser ce site Web.<\/p>\n\n\n\n<p>L\u2019acc\u00e8s \u00e0 ce site Web ne constitue en aucun cas le d\u00e9but d\u2019une relation commerciale avec son Propri\u00e9taire.<\/p>\n\n\n\n<p>\u00c0 travers son site Web, le Propri\u00e9taire vous permet d\u2019acc\u00e9der \u00e0 diff\u00e9rents contenus, publi\u00e9s via Internet par le Propri\u00e9taire et\/ou ses collaborateurs, et de les utiliser.<\/p>\n\n\n\n<p>\u00c0 cet effet, vous devez vous conformer et vous engager \u00e0 la NON-utilisation de tout contenu de ce site Web \u00e0 des fins ou effets illicites, interdits par les pr\u00e9sentes Mentions l\u00e9gales ou par la l\u00e9gislation en vigueur, portant atteinte aux droits et int\u00e9r\u00eats de tiers ou pouvant, de quelque mani\u00e8re que ce soit, nuire aux contenus, au mat\u00e9riel informatique ou aux documents, fichiers et tout type de contenus stock\u00e9s sur tout appareil, propre ou lou\u00e9, du Propri\u00e9taire, d\u2019autres utilisateurs ou de tout internaute, les rendre inutilisables, les surcharger, les d\u00e9t\u00e9riorer ou emp\u00eacher leur utilisation normale.<\/p>\n\n\n\n<h2 class=\"wp-block-heading\">Mesures de s\u00e9curit\u00e9<\/h2>\n\n\n\n<p>Vos donn\u00e9es personnelles transmises au Propri\u00e9taire peuvent \u00eatre stock\u00e9es dans des bases de donn\u00e9es automatis\u00e9es ou non, dont la propri\u00e9t\u00e9 revient exclusivement au Propri\u00e9taire, qui adopte toutes les mesures techniques, organisationnelles et de s\u00e9curit\u00e9 permettant de garantir la confidentialit\u00e9, l\u2019int\u00e9grit\u00e9 et la qualit\u00e9 des informations contenues dans ces bases de donn\u00e9es, conform\u00e9ment \u00e0 la r\u00e9glementation en vigueur concernant la protection des donn\u00e9es.<\/p>\n\n\n\n<p>N\u00e9anmoins, vous devez garder \u00e0 l\u2019esprit que les mesures de s\u00e9curit\u00e9 des syst\u00e8mes informatiques sur Internet ne sont pas enti\u00e8rement fiables et que, par cons\u00e9quent, le Propri\u00e9taire ne peut pas garantir l\u2019absence de virus ou d\u2019autres \u00e9l\u00e9ments pouvant nuire aux syst\u00e8mes informatiques (logiciel et mat\u00e9riel) de l\u2019Utilisateur ou \u00e0 ses dossiers \u00e9lectroniques et aux fichiers qu\u2019ils contiennent, bien que le Propri\u00e9taire mette en \u0153uvre tous les moyens n\u00e9cessaires et prenne les mesures de s\u00e9curit\u00e9 appropri\u00e9es afin d\u2019\u00e9viter la pr\u00e9sence de ces \u00e9l\u00e9ments malveillants.<\/p>\n\n\n\n<h2 class=\"wp-block-heading\">Contenus<\/h2>\n\n\n\n<p>Les informations, contenus multim\u00e9dias et ressources int\u00e9gr\u00e9s \u00e0 ce site Web proviennent de sources que le Propri\u00e9taire consid\u00e8re comme fiables. Toutefois, bien qu\u2019il ait pris toutes les mesures raisonnables pour veiller \u00e0 ce que les informations contenues soient correctes, le Propri\u00e9taire ne garantit pas leur exactitude, leur int\u00e9gralit\u00e9 ni leur actualit\u00e9. Le Propri\u00e9taire d\u00e9cline express\u00e9ment toute responsabilit\u00e9 en cas d\u2019erreur ou d\u2019omission dans les informations contenues sur les pages du site Web.<\/p>\n\n\n\n<p>La transmission ou l\u2019envoi, via le site Web, de tout contenu ill\u00e9gal ou illicite, virus informatique ou message qui, de mani\u00e8re g\u00e9n\u00e9rale, repr\u00e9sente une nuisance aux droits du Propri\u00e9taire ou de tiers, ou une violation de ces droits, est interdit.<\/p>\n\n\n\n<p>Les contenus de ce site Web n\u2019ont qu\u2019une finalit\u00e9 informative et ne doivent en aucun cas \u00eatre utilis\u00e9s ou consid\u00e9r\u00e9s comme une offre en vente, un acte de d\u00e9marchage ou une incitation \u00e0 r\u00e9aliser tout type d\u2019op\u00e9ration, sauf indication contraire expresse.<\/p>\n\n\n\n<p>Le Propri\u00e9taire se r\u00e9serve le droit de modifier, retirer, restreindre les contenus de ce site Web, les liens et les informations obtenues via le site Web ou de suspendre l\u2019acc\u00e8s \u00e0 ces ressources, sans avis pr\u00e9alable.<\/p>\n\n\n\n<p>Le Propri\u00e9taire n\u2019est pas responsable des dommages pouvant d\u00e9river de l\u2019utilisation des informations de ce site Web ou de celles contenues sur les r\u00e9seaux sociaux du Propri\u00e9taire.<\/p>\n\n\n\n<h2 class=\"wp-block-heading\">Politique de cookies<\/h2>\n\n\n\n<p>Le Propri\u00e9taire collecte et conserve les informations suivantes concernant les visiteurs de son site Web&nbsp;:<\/p>\n\n\n\n<ul class=\"wp-block-list\">\n<li>Le nom de domaine du fournisseur de service Internet ou l\u2019adresse IP qui leur donne acc\u00e8s au r\u00e9seau.<\/li>\n\n\n\n<li>La date et l\u2019heure de la visite du site Web.<\/li>\n\n\n\n<li>L\u2019URL d&rsquo;origine du lien qui m\u00e8ne au site Web.<\/li>\n\n\n\n<li>Le nombre de visiteurs quotidien de chaque rubrique.<\/li>\n\n\n\n<li>Les informations collect\u00e9es sont compl\u00e8tement anonymes et ne peuvent en aucun cas \u00eatre associ\u00e9es \u00e0 un Utilisateur concret et identifi\u00e9.<\/li>\n<\/ul>\n\n\n\n<h2 class=\"wp-block-heading\">Liens vers d\u2019autres sites Web<\/h2>\n\n\n\n<p>Le Propri\u00e9taire peut vous fournir l\u2019acc\u00e8s \u00e0 des sites Web de tiers via des liens, dans le seul but de vous informer de l\u2019existence d\u2019autres sources d\u2019information sur Internet, qui peuvent vous permettre de compl\u00e9ter les donn\u00e9es propos\u00e9es sur ce site Web.<\/p>\n\n\n\n<p>Ces liens vers d\u2019autres sites Web ne constituent en aucun cas une invitation ou une incitation \u00e0 visiter les pages cibles, sur lesquelles le Propri\u00e9taire n\u2019a aucun contr\u00f4le. Par cons\u00e9quent, le Propri\u00e9taire n\u2019est pas responsable des contenus des sites Web reli\u00e9s, ni du r\u00e9sultat obtenu en suivant les liens. De m\u00eame, le Propri\u00e9taire n\u2019est pas responsable des liens pr\u00e9sents sur les sites Web reli\u00e9s auxquels il vous donne acc\u00e8s.<\/p>\n\n\n\n<p>La cr\u00e9ation du lien n\u2019implique en aucun cas l\u2019existence de relations entre le Propri\u00e9taire et celui du site d\u2019origine du lien, ni l\u2019acceptation ou l\u2019approbation par le Propri\u00e9taire de ses contenus ou services.<\/p>\n\n\n\n<p>Si vous acc\u00e9dez \u00e0 un site Web externe par un lien pr\u00e9sent sur ce site Web, vous devez lire la politique de confidentialit\u00e9 propre \u00e0 l\u2019autre site Web, qui peut \u00eatre diff\u00e9rente de celle du pr\u00e9sent site Web.<\/p>\n\n\n\n<h2 class=\"wp-block-heading\">Propri\u00e9t\u00e9 intellectuelle et industrielle<\/h2>\n\n\n\n<p>Tous droits r\u00e9serv\u00e9s.<\/p>\n\n\n\n<p>Tout acc\u00e8s \u00e0 ce site Web est soumis aux conditions suivantes&nbsp;: la reproduction, le stockage permanent, la diffusion des contenus et toute autre utilisation \u00e0 des fins publiques ou commerciales, sans le consentement pr\u00e9alable, expr\u00e8s et par \u00e9crit du Propri\u00e9taire, sont express\u00e9ment interdits.<\/p>\n\n\n\n<h2 class=\"wp-block-heading\">Limitation de responsabilit\u00e9<\/h2>\n\n\n\n<p>Les informations et services int\u00e9gr\u00e9s ou disponibles via ce site Web peuvent comporter des incorrections ou des erreurs typographiques. R\u00e9guli\u00e8rement et \u00e0 tout moment, le Propri\u00e9taire est susceptible d\u2019apporter des am\u00e9liorations et\/ou des changements aux informations contenues et\/ou aux Services.<\/p>\n\n\n\n<p>Le Propri\u00e9taire ne d\u00e9clare ni ne garantit la continuit\u00e9 de l\u2019acc\u00e8s aux services ou contenus, l\u2019absence d\u2019erreurs, la correction des d\u00e9fauts, ni l\u2019absence de virus ou d\u2019autres composants malveillants dans le service ou le serveur qui met le site \u00e0 disposition, bien que le Propri\u00e9taire mette tout en \u0153uvre pour \u00e9viter ce type d\u2019incidents.<\/p>\n\n\n\n<p>Le Propri\u00e9taire d\u00e9cline toute responsabilit\u00e9 en cas d\u2019interruption ou de mauvais fonctionnement des Services ou contenus propos\u00e9s sur Internet, quelle qu\u2019en soit la cause. De m\u00eame, le Propri\u00e9taire n\u2019est pas responsable en cas de pannes de r\u00e9seau, de pertes commerciales d\u00e9riv\u00e9es de telles pannes, de coupures de courant ou de tout autre type de dommage indirect pouvant \u00eatre provoqu\u00e9 par des causes \u00e9trang\u00e8res au Propri\u00e9taire.<\/p>\n\n\n\n<p>Avant de prendre des d\u00e9cisions et\/ou d\u2019agir sur la base des informations contenues sur ce site Web, le Propri\u00e9taire vous recommande de v\u00e9rifier ces informations re\u00e7ues en les comparant avec celles d\u2019autres sources.<\/p>\n\n\n\n<h2 class=\"wp-block-heading\">Juridiction<\/h2>\n\n\n\n<p>Ces Mentions l\u00e9gales sont int\u00e9gralement soumises au droit espagnol.<\/p>\n\n\n\n<p>Sauf r\u00e8glementation contraire, pour toute question relative \u00e0 l\u2019interpr\u00e9tation, l\u2019application et le respect de ces Mentions l\u00e9gales ainsi que pour toute r\u00e9clamation pouvant d\u00e9river de leur utilisation, les parties acceptent de se soumettre aux juridictions de la province des Asturies et renoncent express\u00e9ment \u00e0 toute autre juridiction pouvant leur correspondre.<\/p>\n\n\n\n<h2 class=\"wp-block-heading\">Contact<\/h2>\n\n\n\n<p>Pour toute question relative \u00e0 ces Mentions l\u00e9gales ou si vous souhaitez faire une remarque au sujet du site Web, vous pouvez adresser un courrier \u00e9lectronique \u00e0&nbsp;: juliapozuelomenendez@gmail.com<\/p>\n","protected":false},"excerpt":{"rendered":"<p>Identification et Propri\u00e9t\u00e9 Conform\u00e9ment \u00e0 l\u2019article&nbsp;10 de la loi&nbsp;34\/2002 des Services de la soci\u00e9t\u00e9 de l\u2019information et du commerce \u00e9lectronique du 11&nbsp;juillet, les donn\u00e9es permettant d\u2019identifier le Propri\u00e9taire doivent \u00eatre affich\u00e9es&nbsp;: Objectif L\u2019objectif du site Web est&nbsp;: des Services de Traduction. Conditions d\u2019utilisation L\u2019utilisation de ce site Web vous conf\u00e8re le statut d\u2019Utilisateur et implique [&hellip;]<\/p>\n","protected":false},"author":1,"featured_media":0,"parent":0,"menu_order":0,"comment_status":"closed","ping_status":"closed","template":"","meta":{"footnotes":""},"class_list":["post-1290","page","type-page","status-publish","hentry"],"yoast_head":"<!-- This site is optimized with the Yoast SEO plugin v27.3 - https:\/\/yoast.com\/product\/yoast-seo-wordpress\/ -->\n<title>Avis L\u00e9gal - Julia Pozuelo<\/title>\n<meta name=\"robots\" content=\"index, follow, max-snippet:-1, max-image-preview:large, max-video-preview:-1\" \/>\n<link rel=\"canonical\" href=\"https:\/\/juliapozuelo.com\/fr\/avis-juridique\/\" \/>\n<meta property=\"og:locale\" content=\"fr_FR\" \/>\n<meta property=\"og:type\" content=\"article\" \/>\n<meta property=\"og:title\" content=\"Avis L\u00e9gal - Julia Pozuelo\" \/>\n<meta property=\"og:description\" content=\"Identification et Propri\u00e9t\u00e9 Conform\u00e9ment \u00e0 l\u2019article&nbsp;10 de la loi&nbsp;34\/2002 des Services de la soci\u00e9t\u00e9 de l\u2019information et du commerce \u00e9lectronique du 11&nbsp;juillet, les donn\u00e9es permettant d\u2019identifier le Propri\u00e9taire doivent \u00eatre affich\u00e9es&nbsp;: Objectif L\u2019objectif du site Web est&nbsp;: des Services de Traduction. Conditions d\u2019utilisation L\u2019utilisation de ce site Web vous conf\u00e8re le statut d\u2019Utilisateur et implique [&hellip;]\" \/>\n<meta property=\"og:url\" content=\"https:\/\/juliapozuelo.com\/fr\/avis-juridique\/\" \/>\n<meta property=\"og:site_name\" content=\"Julia Pozuelo\" \/>\n<meta property=\"article:modified_time\" content=\"2025-11-06T14:23:32+00:00\" \/>\n<meta name=\"twitter:card\" content=\"summary_large_image\" \/>\n<meta name=\"twitter:site\" content=\"@juliatraduce\" \/>\n<meta name=\"twitter:label1\" content=\"Dur\u00e9e de lecture estim\u00e9e\" \/>\n\t<meta name=\"twitter:data1\" content=\"6 minutes\" \/>\n<script type=\"application\/ld+json\" class=\"yoast-schema-graph\">{\"@context\":\"https:\\\/\\\/schema.org\",\"@graph\":[{\"@type\":\"WebPage\",\"@id\":\"https:\\\/\\\/juliapozuelo.com\\\/fr\\\/avis-juridique\\\/\",\"url\":\"https:\\\/\\\/juliapozuelo.com\\\/fr\\\/avis-juridique\\\/\",\"name\":\"Avis L\u00e9gal - Julia Pozuelo\",\"isPartOf\":{\"@id\":\"https:\\\/\\\/juliapozuelo.com\\\/fr\\\/#website\"},\"datePublished\":\"2025-06-27T07:13:50+00:00\",\"dateModified\":\"2025-11-06T14:23:32+00:00\",\"breadcrumb\":{\"@id\":\"https:\\\/\\\/juliapozuelo.com\\\/fr\\\/avis-juridique\\\/#breadcrumb\"},\"inLanguage\":\"fr-FR\",\"potentialAction\":[{\"@type\":\"ReadAction\",\"target\":[\"https:\\\/\\\/juliapozuelo.com\\\/fr\\\/avis-juridique\\\/\"]}]},{\"@type\":\"BreadcrumbList\",\"@id\":\"https:\\\/\\\/juliapozuelo.com\\\/fr\\\/avis-juridique\\\/#breadcrumb\",\"itemListElement\":[{\"@type\":\"ListItem\",\"position\":1,\"name\":\"Portada\",\"item\":\"https:\\\/\\\/juliapozuelo.com\\\/fr\\\/\"},{\"@type\":\"ListItem\",\"position\":2,\"name\":\"Avis L\u00e9gal\"}]},{\"@type\":\"WebSite\",\"@id\":\"https:\\\/\\\/juliapozuelo.com\\\/fr\\\/#website\",\"url\":\"https:\\\/\\\/juliapozuelo.com\\\/fr\\\/\",\"name\":\"Julia Pozuelo\",\"description\":\"\",\"publisher\":{\"@id\":\"https:\\\/\\\/juliapozuelo.com\\\/fr\\\/#organization\"},\"potentialAction\":[{\"@type\":\"SearchAction\",\"target\":{\"@type\":\"EntryPoint\",\"urlTemplate\":\"https:\\\/\\\/juliapozuelo.com\\\/fr\\\/?s={search_term_string}\"},\"query-input\":{\"@type\":\"PropertyValueSpecification\",\"valueRequired\":true,\"valueName\":\"search_term_string\"}}],\"inLanguage\":\"fr-FR\"},{\"@type\":\"Organization\",\"@id\":\"https:\\\/\\\/juliapozuelo.com\\\/fr\\\/#organization\",\"name\":\"Julia Pozuelo\",\"url\":\"https:\\\/\\\/juliapozuelo.com\\\/fr\\\/\",\"logo\":{\"@type\":\"ImageObject\",\"inLanguage\":\"fr-FR\",\"@id\":\"https:\\\/\\\/juliapozuelo.com\\\/fr\\\/#\\\/schema\\\/logo\\\/image\\\/\",\"url\":\"https:\\\/\\\/juliapozuelo.com\\\/wp-content\\\/uploads\\\/2025\\\/02\\\/isotipo_juliapozuelo.svg\",\"contentUrl\":\"https:\\\/\\\/juliapozuelo.com\\\/wp-content\\\/uploads\\\/2025\\\/02\\\/isotipo_juliapozuelo.svg\",\"width\":212,\"height\":214,\"caption\":\"Julia Pozuelo\"},\"image\":{\"@id\":\"https:\\\/\\\/juliapozuelo.com\\\/fr\\\/#\\\/schema\\\/logo\\\/image\\\/\"},\"sameAs\":[\"https:\\\/\\\/x.com\\\/juliatraduce\"]}]}<\/script>\n<!-- \/ Yoast SEO plugin. -->","yoast_head_json":{"title":"Avis L\u00e9gal - Julia Pozuelo","robots":{"index":"index","follow":"follow","max-snippet":"max-snippet:-1","max-image-preview":"max-image-preview:large","max-video-preview":"max-video-preview:-1"},"canonical":"https:\/\/juliapozuelo.com\/fr\/avis-juridique\/","og_locale":"fr_FR","og_type":"article","og_title":"Avis L\u00e9gal - Julia Pozuelo","og_description":"Identification et Propri\u00e9t\u00e9 Conform\u00e9ment \u00e0 l\u2019article&nbsp;10 de la loi&nbsp;34\/2002 des Services de la soci\u00e9t\u00e9 de l\u2019information et du commerce \u00e9lectronique du 11&nbsp;juillet, les donn\u00e9es permettant d\u2019identifier le Propri\u00e9taire doivent \u00eatre affich\u00e9es&nbsp;: Objectif L\u2019objectif du site Web est&nbsp;: des Services de Traduction. Conditions d\u2019utilisation L\u2019utilisation de ce site Web vous conf\u00e8re le statut d\u2019Utilisateur et implique [&hellip;]","og_url":"https:\/\/juliapozuelo.com\/fr\/avis-juridique\/","og_site_name":"Julia Pozuelo","article_modified_time":"2025-11-06T14:23:32+00:00","twitter_card":"summary_large_image","twitter_site":"@juliatraduce","twitter_misc":{"Dur\u00e9e de lecture estim\u00e9e":"6 minutes"},"schema":{"@context":"https:\/\/schema.org","@graph":[{"@type":"WebPage","@id":"https:\/\/juliapozuelo.com\/fr\/avis-juridique\/","url":"https:\/\/juliapozuelo.com\/fr\/avis-juridique\/","name":"Avis L\u00e9gal - Julia Pozuelo","isPartOf":{"@id":"https:\/\/juliapozuelo.com\/fr\/#website"},"datePublished":"2025-06-27T07:13:50+00:00","dateModified":"2025-11-06T14:23:32+00:00","breadcrumb":{"@id":"https:\/\/juliapozuelo.com\/fr\/avis-juridique\/#breadcrumb"},"inLanguage":"fr-FR","potentialAction":[{"@type":"ReadAction","target":["https:\/\/juliapozuelo.com\/fr\/avis-juridique\/"]}]},{"@type":"BreadcrumbList","@id":"https:\/\/juliapozuelo.com\/fr\/avis-juridique\/#breadcrumb","itemListElement":[{"@type":"ListItem","position":1,"name":"Portada","item":"https:\/\/juliapozuelo.com\/fr\/"},{"@type":"ListItem","position":2,"name":"Avis L\u00e9gal"}]},{"@type":"WebSite","@id":"https:\/\/juliapozuelo.com\/fr\/#website","url":"https:\/\/juliapozuelo.com\/fr\/","name":"Julia Pozuelo","description":"","publisher":{"@id":"https:\/\/juliapozuelo.com\/fr\/#organization"},"potentialAction":[{"@type":"SearchAction","target":{"@type":"EntryPoint","urlTemplate":"https:\/\/juliapozuelo.com\/fr\/?s={search_term_string}"},"query-input":{"@type":"PropertyValueSpecification","valueRequired":true,"valueName":"search_term_string"}}],"inLanguage":"fr-FR"},{"@type":"Organization","@id":"https:\/\/juliapozuelo.com\/fr\/#organization","name":"Julia Pozuelo","url":"https:\/\/juliapozuelo.com\/fr\/","logo":{"@type":"ImageObject","inLanguage":"fr-FR","@id":"https:\/\/juliapozuelo.com\/fr\/#\/schema\/logo\/image\/","url":"https:\/\/juliapozuelo.com\/wp-content\/uploads\/2025\/02\/isotipo_juliapozuelo.svg","contentUrl":"https:\/\/juliapozuelo.com\/wp-content\/uploads\/2025\/02\/isotipo_juliapozuelo.svg","width":212,"height":214,"caption":"Julia Pozuelo"},"image":{"@id":"https:\/\/juliapozuelo.com\/fr\/#\/schema\/logo\/image\/"},"sameAs":["https:\/\/x.com\/juliatraduce"]}]}},"_links":{"self":[{"href":"https:\/\/juliapozuelo.com\/fr\/wp-json\/wp\/v2\/pages\/1290","targetHints":{"allow":["GET"]}}],"collection":[{"href":"https:\/\/juliapozuelo.com\/fr\/wp-json\/wp\/v2\/pages"}],"about":[{"href":"https:\/\/juliapozuelo.com\/fr\/wp-json\/wp\/v2\/types\/page"}],"author":[{"embeddable":true,"href":"https:\/\/juliapozuelo.com\/fr\/wp-json\/wp\/v2\/users\/1"}],"replies":[{"embeddable":true,"href":"https:\/\/juliapozuelo.com\/fr\/wp-json\/wp\/v2\/comments?post=1290"}],"version-history":[{"count":2,"href":"https:\/\/juliapozuelo.com\/fr\/wp-json\/wp\/v2\/pages\/1290\/revisions"}],"predecessor-version":[{"id":1400,"href":"https:\/\/juliapozuelo.com\/fr\/wp-json\/wp\/v2\/pages\/1290\/revisions\/1400"}],"wp:attachment":[{"href":"https:\/\/juliapozuelo.com\/fr\/wp-json\/wp\/v2\/media?parent=1290"}],"curies":[{"name":"wp","href":"https:\/\/api.w.org\/{rel}","templated":true}]}}